{"id":339,"date":"2022-06-15T10:58:02","date_gmt":"2022-06-15T08:58:02","guid":{"rendered":"https:\/\/hotel-garni.dk\/?page_id=339"},"modified":"2025-03-04T15:31:46","modified_gmt":"2025-03-04T14:31:46","slug":"hotelvaerelse-og-priser","status":"publish","type":"page","link":"https:\/\/hotel-garni.dk\/de\/hotelvaerelse-og-priser\/","title":{"rendered":"Hotelzimmer &amp; Preise"},"content":{"rendered":"<div data-elementor-type=\"wp-page\" data-elementor-id=\"339\" class=\"elementor elementor-339\" data-elementor-post-type=\"page\">\n\t\t\t\t\t\t<section class=\"elementor-section elementor-top-section elementor-element elementor-element-91ef94d elementor-reverse-tablet elementor-reverse-mobile elementor-section-boxed elementor-section-height-default elementor-section-height-default\" data-id=\"91ef94d\" data-element_type=\"section\" data-e-type=\"section\">\n\t\t\t\t\t\t<div class=\"elementor-container elementor-column-gap-no\">\n\t\t\t\t\t<div class=\"elementor-column elementor-col-50 elementor-top-column elementor-element elementor-element-f7c0d2c\" data-id=\"f7c0d2c\" data-element_type=\"column\" data-e-type=\"column\">\n\t\t\t<div class=\"elementor-widget-wrap elementor-element-populated\">\n\t\t\t\t\t\t<div class=\"elementor-element elementor-element-b84f76b elementor-widget elementor-widget-heading\" data-id=\"b84f76b\" data-element_type=\"widget\" data-e-type=\"widget\" data-widget_type=\"heading.default\">\n\t\t\t\t<div class=\"elementor-widget-container\">\n\t\t\t\t\t<h2 class=\"elementor-heading-title elementor-size-default\">Hotelzimmer im Hotel Garni in Svendborg\n<\/h2>\t\t\t\t<\/div>\n\t\t\t\t<\/div>\n\t\t\t\t<div class=\"elementor-element elementor-element-43d5449 elementor-widget elementor-widget-text-editor\" data-id=\"43d5449\" data-element_type=\"widget\" data-e-type=\"widget\" data-widget_type=\"text-editor.default\">\n\t\t\t\t<div class=\"elementor-widget-container\">\n\t\t\t\t\t\t\t\t\t<p>Im Hotel Garni haben wir 28 moderne Doppelzimmer mit Dusche, WC und TV. Es ist auch m\u00f6glich, ein Doppelzimmer als Einzelzimmer zu mieten.<\/p><p>In der Lobby gibt es ein Telefon. Wenn das Telefon abgenommen wird, w\u00e4hlt es automatisch die Rezeption des Hotels Svendborg an, die 24 Stunden am Tag besetzt ist.<br \/>Alle Hotelzimmer verf\u00fcgen \u00fcber kostenloses drahtloses Internet. Rauchen ist in den Zimmern nicht erlaubt.<\/p><p>Einchecken nach 15:00 Uhr<br \/>Auschecken bis sp\u00e4testens 11.00 Uhr<\/p>\t\t\t\t\t\t\t\t<\/div>\n\t\t\t\t<\/div>\n\t\t\t\t<div class=\"elementor-element elementor-element-0861cf9 elementor-widget__width-auto elementor-widget elementor-widget-button\" data-id=\"0861cf9\" data-element_type=\"widget\" data-e-type=\"widget\" data-widget_type=\"button.default\">\n\t\t\t\t<div class=\"elementor-widget-container\">\n\t\t\t\t\t\t\t\t\t<div class=\"elementor-button-wrapper\">\n\t\t\t\t\t<a class=\"elementor-button elementor-button-link elementor-size-sm\" href=\"https:\/\/ibe.smarthotel.nl\/?id=bd9f9948-c8ea-43ad-a01b-343db0923021\" target=\"_blank\">\n\t\t\t\t\t\t<span class=\"elementor-button-content-wrapper\">\n\t\t\t\t\t\t\t\t\t<span class=\"elementor-button-text\">Online buchen hier<\/span>\n\t\t\t\t\t<\/span>\n\t\t\t\t\t<\/a>\n\t\t\t\t<\/div>\n\t\t\t\t\t\t\t\t<\/div>\n\t\t\t\t<\/div>\n\t\t\t\t<div class=\"elementor-element elementor-element-f51d89d elementor-widget__width-auto elementor-widget elementor-widget-button\" data-id=\"f51d89d\" data-element_type=\"widget\" data-e-type=\"widget\" data-widget_type=\"button.default\">\n\t\t\t\t<div class=\"elementor-widget-container\">\n\t\t\t\t\t\t\t\t\t<div class=\"elementor-button-wrapper\">\n\t\t\t\t\t<a class=\"elementor-button elementor-button-link elementor-size-sm\" href=\"#\">\n\t\t\t\t\t\t<span class=\"elementor-button-content-wrapper\">\n\t\t\t\t\t\t\t\t\t<span class=\"elementor-button-text\">Geschenkkarten kaufen<\/span>\n\t\t\t\t\t<\/span>\n\t\t\t\t\t<\/a>\n\t\t\t\t<\/div>\n\t\t\t\t\t\t\t\t<\/div>\n\t\t\t\t<\/div>\n\t\t\t\t\t<\/div>\n\t\t<\/div>\n\t\t\t\t<div class=\"elementor-column elementor-col-50 elementor-top-column elementor-element elementor-element-1b8ec2e\" data-id=\"1b8ec2e\" data-element_type=\"column\" data-e-type=\"column\">\n\t\t\t<div class=\"elementor-widget-wrap elementor-element-populated\">\n\t\t\t\t\t\t<div class=\"elementor-element elementor-element-d5bcb1f elementor-widget elementor-widget-image\" data-id=\"d5bcb1f\" data-element_type=\"widget\" data-e-type=\"widget\" data-widget_type=\"image.default\">\n\t\t\t\t<div class=\"elementor-widget-container\">\n\t\t\t\t\t\t\t\t\t\t\t\t\t\t\t<img fetchpriority=\"high\" decoding=\"async\" width=\"800\" height=\"534\" src=\"https:\/\/hotel-garni.dk\/wp-content\/uploads\/2023\/05\/V\u2018relse-2-2-low-1024x683.jpg\" class=\"attachment-large size-large wp-image-530\" alt=\"Dobbeltv\u00e6relse\" srcset=\"https:\/\/hotel-garni.dk\/wp-content\/uploads\/2023\/05\/V\u2018relse-2-2-low-1024x683.jpg 1024w, https:\/\/hotel-garni.dk\/wp-content\/uploads\/2023\/05\/V\u2018relse-2-2-low-300x200.jpg 300w, https:\/\/hotel-garni.dk\/wp-content\/uploads\/2023\/05\/V\u2018relse-2-2-low-768x512.jpg 768w, https:\/\/hotel-garni.dk\/wp-content\/uploads\/2023\/05\/V\u2018relse-2-2-low-1536x1024.jpg 1536w, https:\/\/hotel-garni.dk\/wp-content\/uploads\/2023\/05\/V\u2018relse-2-2-low.jpg 1728w\" sizes=\"(max-width: 800px) 100vw, 800px\" \/>\t\t\t\t\t\t\t\t\t\t\t\t\t\t\t<\/div>\n\t\t\t\t<\/div>\n\t\t\t\t\t<\/div>\n\t\t<\/div>\n\t\t\t\t\t<\/div>\n\t\t<\/section>\n\t\t\t\t<section class=\"elementor-section elementor-top-section elementor-element elementor-element-0ab847a elementor-section-boxed elementor-section-height-default elementor-section-height-default\" data-id=\"0ab847a\" data-element_type=\"section\" data-e-type=\"section\">\n\t\t\t\t\t\t<div class=\"elementor-container elementor-column-gap-no\">\n\t\t\t\t\t<div class=\"elementor-column elementor-col-50 elementor-top-column elementor-element elementor-element-d1f14fa\" data-id=\"d1f14fa\" data-element_type=\"column\" data-e-type=\"column\">\n\t\t\t<div class=\"elementor-widget-wrap elementor-element-populated\">\n\t\t\t\t\t\t<div class=\"elementor-element elementor-element-0c9b7ba elementor-widget elementor-widget-image\" data-id=\"0c9b7ba\" data-element_type=\"widget\" data-e-type=\"widget\" data-widget_type=\"image.default\">\n\t\t\t\t<div class=\"elementor-widget-container\">\n\t\t\t\t\t\t\t\t\t\t\t\t\t\t\t<img decoding=\"async\" width=\"800\" height=\"534\" src=\"https:\/\/hotel-garni.dk\/wp-content\/uploads\/2023\/05\/V\u2018relse-2-3-1024x683.jpg\" class=\"attachment-large size-large wp-image-535\" alt=\"V\u00e6relse\" srcset=\"https:\/\/hotel-garni.dk\/wp-content\/uploads\/2023\/05\/V\u2018relse-2-3-1024x683.jpg 1024w, https:\/\/hotel-garni.dk\/wp-content\/uploads\/2023\/05\/V\u2018relse-2-3-300x200.jpg 300w, https:\/\/hotel-garni.dk\/wp-content\/uploads\/2023\/05\/V\u2018relse-2-3-768x512.jpg 768w, https:\/\/hotel-garni.dk\/wp-content\/uploads\/2023\/05\/V\u2018relse-2-3-1536x1024.jpg 1536w, https:\/\/hotel-garni.dk\/wp-content\/uploads\/2023\/05\/V\u2018relse-2-3.jpg 1728w\" sizes=\"(max-width: 800px) 100vw, 800px\" \/>\t\t\t\t\t\t\t\t\t\t\t\t\t\t\t<\/div>\n\t\t\t\t<\/div>\n\t\t\t\t\t<\/div>\n\t\t<\/div>\n\t\t\t\t<div class=\"elementor-column elementor-col-50 elementor-top-column elementor-element elementor-element-a97af2e\" data-id=\"a97af2e\" data-element_type=\"column\" data-e-type=\"column\">\n\t\t\t<div class=\"elementor-widget-wrap elementor-element-populated\">\n\t\t\t\t\t\t<div class=\"elementor-element elementor-element-5eea207 elementor-widget elementor-widget-heading\" data-id=\"5eea207\" data-element_type=\"widget\" data-e-type=\"widget\" data-widget_type=\"heading.default\">\n\t\t\t\t<div class=\"elementor-widget-container\">\n\t\t\t\t\t<h2 class=\"elementor-heading-title elementor-size-default\">Hotelzimmer &amp; Doppelzimmer<\/h2>\t\t\t\t<\/div>\n\t\t\t\t<\/div>\n\t\t\t\t<div class=\"elementor-element elementor-element-3641033 elementor-widget elementor-widget-text-editor\" data-id=\"3641033\" data-element_type=\"widget\" data-e-type=\"widget\" data-widget_type=\"text-editor.default\">\n\t\t\t\t<div class=\"elementor-widget-container\">\n\t\t\t\t\t\t\t\t\t<p>Einzelzimmer ab: DKK 550,-<br \/>Doppelzimmer ab: DKK 650,-<br \/>Zusatzbett: DKK 200,-<\/p>\t\t\t\t\t\t\t\t<\/div>\n\t\t\t\t<\/div>\n\t\t\t\t<div class=\"elementor-element elementor-element-d220d4e elementor-widget elementor-widget-heading\" data-id=\"d220d4e\" data-element_type=\"widget\" data-e-type=\"widget\" data-widget_type=\"heading.default\">\n\t\t\t\t<div class=\"elementor-widget-container\">\n\t\t\t\t\t<h3 class=\"elementor-heading-title elementor-size-default\">Fr\u00fchst\u00fccksbuffet im Hotel Svendborg<\/h3>\t\t\t\t<\/div>\n\t\t\t\t<\/div>\n\t\t\t\t<div class=\"elementor-element elementor-element-addec1a elementor-widget elementor-widget-text-editor\" data-id=\"addec1a\" data-element_type=\"widget\" data-e-type=\"widget\" data-widget_type=\"text-editor.default\">\n\t\t\t\t<div class=\"elementor-widget-container\">\n\t\t\t\t\t\t\t\t\t<p>Wir servieren kein Fr\u00fchst\u00fcck im Hotel Garni.\u00a0<\/p><p>Das Fr\u00fchst\u00fccksbuffet kann im Hotel Svendborg f\u00fcr 130 DKK pro Person erworben werden.\u00a0<\/p><p>Buchungen f\u00fcr das Fr\u00fchst\u00fccksbuffet k\u00f6nnen vorgenommen werden unter <a href=\"tel:+4562211700\">+45 6221 1700<\/a> oder\u00a0<span style=\"text-decoration: underline;\"><a href=\"mailto:booking@hotel-svendborg.dk\">booking@hotel-svendborg.dk<\/a><\/span><\/p>\t\t\t\t\t\t\t\t<\/div>\n\t\t\t\t<\/div>\n\t\t\t\t\t<\/div>\n\t\t<\/div>\n\t\t\t\t\t<\/div>\n\t\t<\/section>\n\t\t\t\t<\/div>","protected":false},"excerpt":{"rendered":"<p>Hotelv\u00e6relse p\u00e5 Hotel Garni i Svendborg P\u00e5 Hotel Garni r\u00e5der vi over 28 moderne dobbeltv\u00e6relser med bad, toilet og\u00a0TV. Det er muligt at leje et dobbeltv\u00e6relse som et enkeltv\u00e6relse. Der er en telefon i lobbyen. N\u00e5r r\u00f8ret l\u00f8ftes ringes der automatisk op til receptionen p\u00e5 Hotel Svendborg, som er d\u00f8gnbemandet.Alle hotelv\u00e6relser har gratis tr\u00e5dl\u00f8st internet.\u00a0Rygning [&hellip;]<\/p>\n","protected":false},"author":2,"featured_media":490,"parent":0,"menu_order":0,"comment_status":"closed","ping_status":"closed","template":"","meta":{"footnotes":""},"class_list":["post-339","page","type-page","status-publish","has-post-thumbnail","hentry"],"yoast_head":"<!-- This site is optimized with the Yoast SEO plugin v27.1.1 - https:\/\/yoast.com\/product\/yoast-seo-wordpress\/ -->\n<title>Hotelv\u00e6relse og dobbeltv\u00e6relse p\u00e5 Fyn | Hotel Garni | Se mere her<\/title>\n<meta name=\"description\" content=\"Kom til Svendborg p\u00e5 Fyn og oplev et l\u00e6kkert og attraktivt hotel med dobbeltv\u00e6relse eller enkelt v\u00e6relse. Se priser og v\u00e6relser her.\" \/>\n<meta name=\"robots\" content=\"index, follow, max-snippet:-1, max-image-preview:large, max-video-preview:-1\" \/>\n<link rel=\"canonical\" href=\"https:\/\/hotel-garni.dk\/de\/hotelvaerelse-og-priser\/\" \/>\n<meta property=\"og:locale\" content=\"de_DE\" \/>\n<meta property=\"og:type\" content=\"article\" \/>\n<meta property=\"og:title\" content=\"Hotelv\u00e6relse og dobbeltv\u00e6relse p\u00e5 Fyn | Hotel Garni | Se mere her\" \/>\n<meta property=\"og:description\" content=\"Kom til Svendborg p\u00e5 Fyn og oplev et l\u00e6kkert og attraktivt hotel med dobbeltv\u00e6relse eller enkelt v\u00e6relse. Se priser og v\u00e6relser her.\" \/>\n<meta property=\"og:url\" content=\"https:\/\/hotel-garni.dk\/de\/hotelvaerelse-og-priser\/\" \/>\n<meta property=\"og:site_name\" content=\"Hotel Garni\" \/>\n<meta property=\"article:modified_time\" content=\"2025-03-04T14:31:46+00:00\" \/>\n<meta property=\"og:image\" content=\"https:\/\/hotel-garni.dk\/wp-content\/uploads\/2023\/05\/V\u2018relse-1.jpg\" \/>\n\t<meta property=\"og:image:width\" content=\"1901\" \/>\n\t<meta property=\"og:image:height\" content=\"1267\" \/>\n\t<meta property=\"og:image:type\" content=\"image\/jpeg\" \/>\n<meta name=\"twitter:card\" content=\"summary_large_image\" \/>\n<meta name=\"twitter:label1\" content=\"Gesch\u00e4tzte Lesezeit\" \/>\n\t<meta name=\"twitter:data1\" content=\"2\u00a0Minuten\" \/>\n<script type=\"application\/ld+json\" class=\"yoast-schema-graph\">{\"@context\":\"https:\/\/schema.org\",\"@graph\":[{\"@type\":\"WebPage\",\"@id\":\"https:\/\/hotel-garni.dk\/hotelvaerelse-og-priser\/\",\"url\":\"https:\/\/hotel-garni.dk\/hotelvaerelse-og-priser\/\",\"name\":\"Hotelv\u00e6relse og dobbeltv\u00e6relse p\u00e5 Fyn | Hotel Garni | Se mere her\",\"isPartOf\":{\"@id\":\"https:\/\/hotel-garni.dk\/#website\"},\"primaryImageOfPage\":{\"@id\":\"https:\/\/hotel-garni.dk\/hotelvaerelse-og-priser\/#primaryimage\"},\"image\":{\"@id\":\"https:\/\/hotel-garni.dk\/hotelvaerelse-og-priser\/#primaryimage\"},\"thumbnailUrl\":\"https:\/\/hotel-garni.dk\/wp-content\/uploads\/2023\/05\/V\u2018relse-1.jpg\",\"datePublished\":\"2022-06-15T08:58:02+00:00\",\"dateModified\":\"2025-03-04T14:31:46+00:00\",\"description\":\"Kom til Svendborg p\u00e5 Fyn og oplev et l\u00e6kkert og attraktivt hotel med dobbeltv\u00e6relse eller enkelt v\u00e6relse. Se priser og v\u00e6relser her.\",\"breadcrumb\":{\"@id\":\"https:\/\/hotel-garni.dk\/hotelvaerelse-og-priser\/#breadcrumb\"},\"inLanguage\":\"de\",\"potentialAction\":[{\"@type\":\"ReadAction\",\"target\":[\"https:\/\/hotel-garni.dk\/hotelvaerelse-og-priser\/\"]}]},{\"@type\":\"ImageObject\",\"inLanguage\":\"de\",\"@id\":\"https:\/\/hotel-garni.dk\/hotelvaerelse-og-priser\/#primaryimage\",\"url\":\"https:\/\/hotel-garni.dk\/wp-content\/uploads\/2023\/05\/V\u2018relse-1.jpg\",\"contentUrl\":\"https:\/\/hotel-garni.dk\/wp-content\/uploads\/2023\/05\/V\u2018relse-1.jpg\",\"width\":1901,\"height\":1267,\"caption\":\"Dobbeltv\u00e6relse\"},{\"@type\":\"BreadcrumbList\",\"@id\":\"https:\/\/hotel-garni.dk\/hotelvaerelse-og-priser\/#breadcrumb\",\"itemListElement\":[{\"@type\":\"ListItem\",\"position\":1,\"name\":\"Hjem\",\"item\":\"https:\/\/hotel-garni.dk\/\"},{\"@type\":\"ListItem\",\"position\":2,\"name\":\"Hotelv\u00e6relse &#038; priser\"}]},{\"@type\":\"WebSite\",\"@id\":\"https:\/\/hotel-garni.dk\/#website\",\"url\":\"https:\/\/hotel-garni.dk\/\",\"name\":\"Hotel Garni\",\"description\":\"\",\"publisher\":{\"@id\":\"https:\/\/hotel-garni.dk\/#organization\"},\"potentialAction\":[{\"@type\":\"SearchAction\",\"target\":{\"@type\":\"EntryPoint\",\"urlTemplate\":\"https:\/\/hotel-garni.dk\/?s={search_term_string}\"},\"query-input\":{\"@type\":\"PropertyValueSpecification\",\"valueRequired\":true,\"valueName\":\"search_term_string\"}}],\"inLanguage\":\"de\"},{\"@type\":\"Organization\",\"@id\":\"https:\/\/hotel-garni.dk\/#organization\",\"name\":\"Template\",\"url\":\"https:\/\/hotel-garni.dk\/\",\"logo\":{\"@type\":\"ImageObject\",\"inLanguage\":\"de\",\"@id\":\"https:\/\/hotel-garni.dk\/#\/schema\/logo\/image\/\",\"url\":\"https:\/\/hotel-garni.dk\/wp-content\/uploads\/2020\/11\/hotel-garni-logo.svg\",\"contentUrl\":\"https:\/\/hotel-garni.dk\/wp-content\/uploads\/2020\/11\/hotel-garni-logo.svg\",\"width\":450,\"height\":114,\"caption\":\"Template\"},\"image\":{\"@id\":\"https:\/\/hotel-garni.dk\/#\/schema\/logo\/image\/\"}}]}<\/script>\n<!-- \/ Yoast SEO plugin. -->","yoast_head_json":{"title":"Hotelv\u00e6relse og dobbeltv\u00e6relse p\u00e5 Fyn | Hotel Garni | Se mere her","description":"Kom til Svendborg p\u00e5 Fyn og oplev et l\u00e6kkert og attraktivt hotel med dobbeltv\u00e6relse eller enkelt v\u00e6relse. Se priser og v\u00e6relser her.","robots":{"index":"index","follow":"follow","max-snippet":"max-snippet:-1","max-image-preview":"max-image-preview:large","max-video-preview":"max-video-preview:-1"},"canonical":"https:\/\/hotel-garni.dk\/de\/hotelvaerelse-og-priser\/","og_locale":"de_DE","og_type":"article","og_title":"Hotelv\u00e6relse og dobbeltv\u00e6relse p\u00e5 Fyn | Hotel Garni | Se mere her","og_description":"Kom til Svendborg p\u00e5 Fyn og oplev et l\u00e6kkert og attraktivt hotel med dobbeltv\u00e6relse eller enkelt v\u00e6relse. Se priser og v\u00e6relser her.","og_url":"https:\/\/hotel-garni.dk\/de\/hotelvaerelse-og-priser\/","og_site_name":"Hotel Garni","article_modified_time":"2025-03-04T14:31:46+00:00","og_image":[{"width":1901,"height":1267,"url":"https:\/\/hotel-garni.dk\/wp-content\/uploads\/2023\/05\/V\u2018relse-1.jpg","type":"image\/jpeg"}],"twitter_card":"summary_large_image","twitter_misc":{"Gesch\u00e4tzte Lesezeit":"2\u00a0Minuten"},"schema":{"@context":"https:\/\/schema.org","@graph":[{"@type":"WebPage","@id":"https:\/\/hotel-garni.dk\/hotelvaerelse-og-priser\/","url":"https:\/\/hotel-garni.dk\/hotelvaerelse-og-priser\/","name":"Hotelv\u00e6relse og dobbeltv\u00e6relse p\u00e5 Fyn | Hotel Garni | Se mere her","isPartOf":{"@id":"https:\/\/hotel-garni.dk\/#website"},"primaryImageOfPage":{"@id":"https:\/\/hotel-garni.dk\/hotelvaerelse-og-priser\/#primaryimage"},"image":{"@id":"https:\/\/hotel-garni.dk\/hotelvaerelse-og-priser\/#primaryimage"},"thumbnailUrl":"https:\/\/hotel-garni.dk\/wp-content\/uploads\/2023\/05\/V\u2018relse-1.jpg","datePublished":"2022-06-15T08:58:02+00:00","dateModified":"2025-03-04T14:31:46+00:00","description":"Kom til Svendborg p\u00e5 Fyn og oplev et l\u00e6kkert og attraktivt hotel med dobbeltv\u00e6relse eller enkelt v\u00e6relse. Se priser og v\u00e6relser her.","breadcrumb":{"@id":"https:\/\/hotel-garni.dk\/hotelvaerelse-og-priser\/#breadcrumb"},"inLanguage":"de","potentialAction":[{"@type":"ReadAction","target":["https:\/\/hotel-garni.dk\/hotelvaerelse-og-priser\/"]}]},{"@type":"ImageObject","inLanguage":"de","@id":"https:\/\/hotel-garni.dk\/hotelvaerelse-og-priser\/#primaryimage","url":"https:\/\/hotel-garni.dk\/wp-content\/uploads\/2023\/05\/V\u2018relse-1.jpg","contentUrl":"https:\/\/hotel-garni.dk\/wp-content\/uploads\/2023\/05\/V\u2018relse-1.jpg","width":1901,"height":1267,"caption":"Dobbeltv\u00e6relse"},{"@type":"BreadcrumbList","@id":"https:\/\/hotel-garni.dk\/hotelvaerelse-og-priser\/#breadcrumb","itemListElement":[{"@type":"ListItem","position":1,"name":"Hjem","item":"https:\/\/hotel-garni.dk\/"},{"@type":"ListItem","position":2,"name":"Hotelv\u00e6relse &#038; priser"}]},{"@type":"WebSite","@id":"https:\/\/hotel-garni.dk\/#website","url":"https:\/\/hotel-garni.dk\/","name":"Hotel Garni","description":"","publisher":{"@id":"https:\/\/hotel-garni.dk\/#organization"},"potentialAction":[{"@type":"SearchAction","target":{"@type":"EntryPoint","urlTemplate":"https:\/\/hotel-garni.dk\/?s={search_term_string}"},"query-input":{"@type":"PropertyValueSpecification","valueRequired":true,"valueName":"search_term_string"}}],"inLanguage":"de"},{"@type":"Organization","@id":"https:\/\/hotel-garni.dk\/#organization","name":"Template","url":"https:\/\/hotel-garni.dk\/","logo":{"@type":"ImageObject","inLanguage":"de","@id":"https:\/\/hotel-garni.dk\/#\/schema\/logo\/image\/","url":"https:\/\/hotel-garni.dk\/wp-content\/uploads\/2020\/11\/hotel-garni-logo.svg","contentUrl":"https:\/\/hotel-garni.dk\/wp-content\/uploads\/2020\/11\/hotel-garni-logo.svg","width":450,"height":114,"caption":"Template"},"image":{"@id":"https:\/\/hotel-garni.dk\/#\/schema\/logo\/image\/"}}]}},"_links":{"self":[{"href":"https:\/\/hotel-garni.dk\/de\/wp-json\/wp\/v2\/pages\/339","targetHints":{"allow":["GET"]}}],"collection":[{"href":"https:\/\/hotel-garni.dk\/de\/wp-json\/wp\/v2\/pages"}],"about":[{"href":"https:\/\/hotel-garni.dk\/de\/wp-json\/wp\/v2\/types\/page"}],"author":[{"embeddable":true,"href":"https:\/\/hotel-garni.dk\/de\/wp-json\/wp\/v2\/users\/2"}],"replies":[{"embeddable":true,"href":"https:\/\/hotel-garni.dk\/de\/wp-json\/wp\/v2\/comments?post=339"}],"version-history":[{"count":63,"href":"https:\/\/hotel-garni.dk\/de\/wp-json\/wp\/v2\/pages\/339\/revisions"}],"predecessor-version":[{"id":946,"href":"https:\/\/hotel-garni.dk\/de\/wp-json\/wp\/v2\/pages\/339\/revisions\/946"}],"wp:featuredmedia":[{"embeddable":true,"href":"https:\/\/hotel-garni.dk\/de\/wp-json\/wp\/v2\/media\/490"}],"wp:attachment":[{"href":"https:\/\/hotel-garni.dk\/de\/wp-json\/wp\/v2\/media?parent=339"}],"curies":[{"name":"wp","href":"https:\/\/api.w.org\/{rel}","templated":true}]}}