{"id":342,"date":"2022-06-15T10:58:27","date_gmt":"2022-06-15T08:58:27","guid":{"rendered":"https:\/\/hotel-garni.dk\/?page_id=342"},"modified":"2024-03-06T09:27:01","modified_gmt":"2024-03-06T08:27:01","slug":"vaerelsesmappe","status":"publish","type":"page","link":"https:\/\/hotel-garni.dk\/de\/vaerelsesmappe\/","title":{"rendered":"Zimmerordnung"},"content":{"rendered":"<div data-elementor-type=\"wp-page\" data-elementor-id=\"342\" class=\"elementor elementor-342\" data-elementor-post-type=\"page\">\n\t\t\t\t\t\t<section class=\"elementor-section elementor-top-section elementor-element elementor-element-299ed33 elementor-reverse-tablet elementor-reverse-mobile elementor-section-height-min-height elementor-section-items-top elementor-section-boxed elementor-section-height-default\" data-id=\"299ed33\" data-element_type=\"section\" data-e-type=\"section\">\n\t\t\t\t\t\t<div class=\"elementor-container elementor-column-gap-no\">\n\t\t\t\t\t<div class=\"elementor-column elementor-col-100 elementor-top-column elementor-element elementor-element-a8652ce\" data-id=\"a8652ce\" data-element_type=\"column\" data-e-type=\"column\">\n\t\t\t<div class=\"elementor-widget-wrap elementor-element-populated\">\n\t\t\t\t\t\t<div class=\"elementor-element elementor-element-f30fa8e elementor-widget elementor-widget-heading\" data-id=\"f30fa8e\" data-element_type=\"widget\" data-e-type=\"widget\" data-widget_type=\"heading.default\">\n\t\t\t\t<div class=\"elementor-widget-container\">\n\t\t\t\t\t<h2 class=\"elementor-heading-title elementor-size-default\">Lieber Gast\n<\/h2>\t\t\t\t<\/div>\n\t\t\t\t<\/div>\n\t\t\t\t<div class=\"elementor-element elementor-element-06baec5 elementor-widget elementor-widget-heading\" data-id=\"06baec5\" data-element_type=\"widget\" data-e-type=\"widget\" data-widget_type=\"heading.default\">\n\t\t\t\t<div class=\"elementor-widget-container\">\n\t\t\t\t\t<h3 class=\"elementor-heading-title elementor-size-default\">Willkommen im Hotel Garni<\/h3>\t\t\t\t<\/div>\n\t\t\t\t<\/div>\n\t\t\t\t<div class=\"elementor-element elementor-element-fb95ef4 elementor-widget elementor-widget-text-editor\" data-id=\"fb95ef4\" data-element_type=\"widget\" data-e-type=\"widget\" data-widget_type=\"text-editor.default\">\n\t\t\t\t<div class=\"elementor-widget-container\">\n\t\t\t\t\t\t\t\t\t<p>Wir hei\u00dfen Sie herzlich willkommen im Hotel Garni! Das Hotel Garni geh\u00f6rt zu den Halberg Hotels und ist im Besitz desselben Eigent\u00fcmers wie das Hotel Svendborg. Das Hotel Garni ist unbesetzt, aber wenn Sie Hilfe brauchen, k\u00f6nnen Sie sich jederzeit an die Rezeption des Hotels Svendborg wenden, die 24 Stunden am Tag erreichbar ist.<\/p><p>Wenn Sie Fragen haben oder Hilfe ben\u00f6tigen, k\u00f6nnen Sie die Rezeption des Hotels Svendborg jederzeit \u00fcber das schwarze Telefon in der Lobby erreichen.<\/p><p>Der Sommer ist hei\u00df im Hotel Garni. Deshalb ist es m\u00f6glich, die Bettdecke gegen ein Laken zu tauschen, das im B\u00fccherregal in Ihrem Zimmer zu finden ist.<\/p>\t\t\t\t\t\t\t\t<\/div>\n\t\t\t\t<\/div>\n\t\t\t\t<div class=\"elementor-element elementor-element-1aa07f1 elementor-widget elementor-widget-image\" data-id=\"1aa07f1\" data-element_type=\"widget\" data-e-type=\"widget\" data-widget_type=\"image.default\">\n\t\t\t\t<div class=\"elementor-widget-container\">\n\t\t\t\t\t\t\t\t\t\t\t\t\t\t\t<img fetchpriority=\"high\" decoding=\"async\" width=\"800\" height=\"534\" src=\"https:\/\/hotel-garni.dk\/wp-content\/uploads\/2023\/05\/Facade-1024x683.jpg\" class=\"attachment-large size-large wp-image-475\" alt=\"Hotel Garni facade\" srcset=\"https:\/\/hotel-garni.dk\/wp-content\/uploads\/2023\/05\/Facade-1024x683.jpg 1024w, https:\/\/hotel-garni.dk\/wp-content\/uploads\/2023\/05\/Facade-300x200.jpg 300w, https:\/\/hotel-garni.dk\/wp-content\/uploads\/2023\/05\/Facade-768x512.jpg 768w, https:\/\/hotel-garni.dk\/wp-content\/uploads\/2023\/05\/Facade-1536x1024.jpg 1536w, https:\/\/hotel-garni.dk\/wp-content\/uploads\/2023\/05\/Facade.jpg 1728w\" sizes=\"(max-width: 800px) 100vw, 800px\" \/>\t\t\t\t\t\t\t\t\t\t\t\t\t\t\t<\/div>\n\t\t\t\t<\/div>\n\t\t\t\t<div class=\"elementor-element elementor-element-6dec37a elementor-widget elementor-widget-text-editor\" data-id=\"6dec37a\" data-element_type=\"widget\" data-e-type=\"widget\" data-widget_type=\"text-editor.default\">\n\t\t\t\t<div class=\"elementor-widget-container\">\n\t\t\t\t\t\t\t\t\t<h3>Fr\u00fchst\u00fcck:<\/h3>\n<p>Das Fr\u00fchst\u00fcck kann im Hotel Svendborg f\u00fcr 130 DKK pro Person und Tag erworben werden. Das Fr\u00fchst\u00fcck wird im Hotel Svendborg zu den folgenden Zeiten serviert:<\/p>\n<p><strong>Montag - Freitag: 06.30 - 9.30 Uhr <\/strong><br><strong>Samstag: 07:00 - 10:00<\/strong><br><strong>Sonntag: 7.30 Uhr - 10.30 Uhr<\/strong><\/p>\n<p>W\u00e4hrend der Schulferien und an Feiertagen kann es zu \u00c4nderungen kommen. Bitte wenden Sie sich diesbez\u00fcglich an die Rezeption.<\/p>\n<h3>&nbsp;<\/h3>\n<h3>Abreise:<\/h3>\n<p>Das Zimmer steht Ihnen bis 11:00 Uhr am Abreisetag zur Verf\u00fcgung.<\/p>\n<h3>&nbsp;<\/h3>\n<h3>Schl\u00fcsselkarte:<\/h3>\n<p>Bitte bewahren Sie die Schl\u00fcsselkarte f\u00fcr die Dauer Ihres Aufenthalts auf. Am Abreisetag legen Sie die Schl\u00fcsselkarte bitte in die schwarze Box mit der Aufschrift \u201dSchl\u00fcsselkartenr\u00fcckgabe beim Check-out\u201d, die sich in der Lobby neben dem Check-in-Schalter befindet.<\/p>\n<h3>&nbsp;<\/h3>\n<h3>Macht:<\/h3>\n<p>Ihre Schl\u00fcsselkarte wird in den Kasten am Eingang gesteckt - dann haben Sie Strom in Ihrem Zimmer. Wenn die Karte entfernt wird (wenn Sie das Zimmer verlassen), wird der Strom abgeschaltet.&nbsp;<\/p>\n<h3>&nbsp;<\/h3>\n<h3>Steckdosen:<\/h3>\n<p>Die Amperezahl in den Steckdosen des Hotels betr\u00e4gt 220 Volt.<\/p>\n<h3>&nbsp;<\/h3>\n<h3>Marke:<\/h3>\n<p>Bitte machen Sie sich bei Ihrer Ankunft im Hotel mit den Notausg\u00e4ngen und Fluchtwegen vertraut. In allen Zimmern ist ein Feueralarm installiert. Wenn der Alarm ausgel\u00f6st wird, rufen Sie bitte sofort die 112 an, um einen Notruf an die Leitstelle abzusetzen.<\/p>\n<h3>&nbsp;<\/h3>\n<h3>Abstellen von Fahrr\u00e4dern:<\/h3>\n<p>Unter dem Vordach am Hintereingang.<\/p>\n<h3>&nbsp;<\/h3>\n<h3>Haustiere:<\/h3>\n<p>Wenn Sie Haustiere mitbringen m\u00f6chten, informieren Sie uns bitte im Voraus. Preis pro Nacht DKK 135.00<\/p>\n<h3>&nbsp;<\/h3>\n<h3>Internet:<\/h3>\n<p>Kostenloses drahtloses Internet ist im gesamten Hotel verf\u00fcgbar. Der Code lautet \u201dsvendborg\u201d.<\/p>\n<h3>&nbsp;<\/h3>\n<h3>K\u00fchlschrank:<\/h3>\n<p>Im Wohnbereich steht ein K\u00fchlschrank f\u00fcr Sie bereit. Wohnzimmer: Befindet sich im Erdgeschoss. Hier k\u00f6nnen Sie Kaffee aufbr\u00fchen, Wasser erhitzen und die Mikrowelle benutzen.<\/p>\n<h3>&nbsp;<\/h3>\n<h3>Rauchen:<\/h3>\n<p>Das Rauchen ist in allen Innenr\u00e4umen verboten. Wenn das Rauchen im Zimmer erlaubt ist, wird eine zus\u00e4tzliche Reinigungsgeb\u00fchr von DKK 1000 erhoben.<\/p>\n<h3>&nbsp;<\/h3>\n<h3>Reinigung:<\/h3>\n<p>Das Zimmer wird am 4. Tag gereinigt. Sollten Sie dies nicht w\u00fcnschen, wenden Sie sich bitte an die Rezeption des Hotels Svendborg unter der Telefonnummer 6217 6208 oder \u00fcber das Telefon in der Hotellobby. Zus\u00e4tzliche Handt\u00fccher und Toilettenpapier sind im 1. Stock in den Zimmern 20 - 29 erh\u00e4ltlich.<\/p>\n<h3>&nbsp;<\/h3>\n<h3>TV in den Zimmern 1 - 19:<\/h3>\n<p>Eine Auswahl von TV-Kan\u00e4len, einschlie\u00dflich TV2 und DR1, kann \u00fcber die Fernbedienung aufgerufen werden.<\/p>\n<h3>&nbsp;<\/h3>\n<h3>TV in den Zimmern 20 - 29:<\/h3>\n<p>Es gibt einen Internetzugang \u00fcber den Fernseher. Der Zugang zu DR1 und dem Filmkanal \u201dpluto\u201d ist \u00fcber Apps m\u00f6glich.<\/p>\n<p>Sie k\u00f6nnen auch \u201dCast\u201d verwenden. Sie w\u00e4hlen \u201dCast\u201d \u00fcber die Fernbedienung und Ihr eigenes Handy\/Tablet. Sie \u201dsenden\u201d dann Ihren eigenen Screenshot von Ihrem Handy\/Tablet an den Fernsehbildschirm (siehe Anleitung).<\/p>\n<h3>&nbsp;<\/h3>\n<h3>Aufwachen:<\/h3>\n<p>Sie k\u00f6nnen das Aufwachen auf Ihrem Fernsehger\u00e4t bestellen. Gehen Sie mit der Fernbedienung wie folgt vor:<\/p>\n<p>1.  Dr\u00fccken Sie die Taste \u201dAlarm\u201d.<\/p>\n<p>2. die Weckzeit eingeben<\/p>\n<p>3.  Schalten Sie den Fernseher mit der Standby-Taste (rot) aus.<\/p>\n<h3>&nbsp;<\/h3>\n<h3>Wertvolle F\u00e4lle:<\/h3>\n<p>Das Hotel ist nicht verantwortlich f\u00fcr Geld und Wertsachen in Ihrem Zimmer. Wir hoffen, Sie haben einen angenehmen Aufenthalt in Svendborg.<\/p>\n<p>Mit freundlichen Gr\u00fc\u00dfen<\/p>\t\t\t\t\t\t\t\t<\/div>\n\t\t\t\t<\/div>\n\t\t\t\t<div class=\"elementor-element elementor-element-06dbad6 elementor-widget elementor-widget-image\" data-id=\"06dbad6\" data-element_type=\"widget\" data-e-type=\"widget\" data-widget_type=\"image.default\">\n\t\t\t\t<div class=\"elementor-widget-container\">\n\t\t\t\t\t\t\t\t\t\t\t\t\t\t\t<img decoding=\"async\" width=\"705\" height=\"180\" src=\"https:\/\/hotel-garni.dk\/wp-content\/uploads\/2023\/06\/Hotel_Garni_logo_sort.png\" class=\"attachment-large size-large wp-image-619\" alt=\"\" srcset=\"https:\/\/hotel-garni.dk\/wp-content\/uploads\/2023\/06\/Hotel_Garni_logo_sort.png 705w, https:\/\/hotel-garni.dk\/wp-content\/uploads\/2023\/06\/Hotel_Garni_logo_sort-300x77.png 300w\" sizes=\"(max-width: 705px) 100vw, 705px\" \/>\t\t\t\t\t\t\t\t\t\t\t\t\t\t\t<\/div>\n\t\t\t\t<\/div>\n\t\t\t\t\t<\/div>\n\t\t<\/div>\n\t\t\t\t\t<\/div>\n\t\t<\/section>\n\t\t\t\t<\/div>","protected":false},"excerpt":{"rendered":"<p>K\u00e6re G\u00e6st Velkommen til Hotel Garni Vi byder Dem hjerteligt velkommen p\u00e5 Hotel Garni! Hotel Garni er en del af Halberg Hotels og er ejet af samme ejer som Hotel Svendborg. Hotel Garni er ubemandet, men har man behov for hj\u00e6lp kan man altid kontakte receptionen p\u00e5 Hotel Svendborg som st\u00e5r til r\u00e5dighed 24 timer [&hellip;]<\/p>\n","protected":false},"author":2,"featured_media":475,"parent":0,"menu_order":0,"comment_status":"closed","ping_status":"closed","template":"","meta":{"footnotes":""},"class_list":["post-342","page","type-page","status-publish","has-post-thumbnail","hentry"],"yoast_head":"<!-- This site is optimized with the Yoast SEO plugin v27.5 - https:\/\/yoast.com\/product\/yoast-seo-wordpress\/ -->\n<title>Hotel Garni i Svendborg p\u00e5 Fyn. L\u00e6s mere information her<\/title>\n<meta name=\"description\" content=\"Vi har samlet alt den praktiske information i vores v\u00e6relsesmappe, s\u00e5 det er lettilg\u00e6ngeligt for dig. L\u00e6s v\u00e6relsesmappe her.\" \/>\n<meta name=\"robots\" content=\"index, follow, max-snippet:-1, max-image-preview:large, max-video-preview:-1\" \/>\n<link rel=\"canonical\" href=\"https:\/\/hotel-garni.dk\/de\/vaerelsesmappe\/\" \/>\n<meta property=\"og:locale\" content=\"de_DE\" \/>\n<meta property=\"og:type\" content=\"article\" \/>\n<meta property=\"og:title\" content=\"Hotel Garni i Svendborg p\u00e5 Fyn. L\u00e6s mere information her\" \/>\n<meta property=\"og:description\" content=\"Vi har samlet alt den praktiske information i vores v\u00e6relsesmappe, s\u00e5 det er lettilg\u00e6ngeligt for dig. L\u00e6s v\u00e6relsesmappe her.\" \/>\n<meta property=\"og:url\" content=\"https:\/\/hotel-garni.dk\/de\/vaerelsesmappe\/\" \/>\n<meta property=\"og:site_name\" content=\"Hotel Garni\" \/>\n<meta property=\"article:modified_time\" content=\"2024-03-06T08:27:01+00:00\" \/>\n<meta property=\"og:image\" content=\"https:\/\/hotel-garni.dk\/wp-content\/uploads\/2023\/05\/Facade.jpg\" \/>\n\t<meta property=\"og:image:width\" content=\"1728\" \/>\n\t<meta property=\"og:image:height\" content=\"1152\" \/>\n\t<meta property=\"og:image:type\" content=\"image\/jpeg\" \/>\n<meta name=\"twitter:card\" content=\"summary_large_image\" \/>\n<meta name=\"twitter:label1\" content=\"Gesch\u00e4tzte Lesezeit\" \/>\n\t<meta name=\"twitter:data1\" content=\"4\u00a0Minuten\" \/>\n<script type=\"application\/ld+json\" class=\"yoast-schema-graph\">{\"@context\":\"https:\\\/\\\/schema.org\",\"@graph\":[{\"@type\":\"WebPage\",\"@id\":\"https:\\\/\\\/hotel-garni.dk\\\/vaerelsesmappe\\\/\",\"url\":\"https:\\\/\\\/hotel-garni.dk\\\/vaerelsesmappe\\\/\",\"name\":\"Hotel Garni i Svendborg p\u00e5 Fyn. L\u00e6s mere information her\",\"isPartOf\":{\"@id\":\"https:\\\/\\\/hotel-garni.dk\\\/#website\"},\"primaryImageOfPage\":{\"@id\":\"https:\\\/\\\/hotel-garni.dk\\\/vaerelsesmappe\\\/#primaryimage\"},\"image\":{\"@id\":\"https:\\\/\\\/hotel-garni.dk\\\/vaerelsesmappe\\\/#primaryimage\"},\"thumbnailUrl\":\"https:\\\/\\\/hotel-garni.dk\\\/wp-content\\\/uploads\\\/2023\\\/05\\\/Facade.jpg\",\"datePublished\":\"2022-06-15T08:58:27+00:00\",\"dateModified\":\"2024-03-06T08:27:01+00:00\",\"description\":\"Vi har samlet alt den praktiske information i vores v\u00e6relsesmappe, s\u00e5 det er lettilg\u00e6ngeligt for dig. L\u00e6s v\u00e6relsesmappe her.\",\"breadcrumb\":{\"@id\":\"https:\\\/\\\/hotel-garni.dk\\\/vaerelsesmappe\\\/#breadcrumb\"},\"inLanguage\":\"de\",\"potentialAction\":[{\"@type\":\"ReadAction\",\"target\":[\"https:\\\/\\\/hotel-garni.dk\\\/vaerelsesmappe\\\/\"]}]},{\"@type\":\"ImageObject\",\"inLanguage\":\"de\",\"@id\":\"https:\\\/\\\/hotel-garni.dk\\\/vaerelsesmappe\\\/#primaryimage\",\"url\":\"https:\\\/\\\/hotel-garni.dk\\\/wp-content\\\/uploads\\\/2023\\\/05\\\/Facade.jpg\",\"contentUrl\":\"https:\\\/\\\/hotel-garni.dk\\\/wp-content\\\/uploads\\\/2023\\\/05\\\/Facade.jpg\",\"width\":1728,\"height\":1152,\"caption\":\"Hotel Garni facade\"},{\"@type\":\"BreadcrumbList\",\"@id\":\"https:\\\/\\\/hotel-garni.dk\\\/vaerelsesmappe\\\/#breadcrumb\",\"itemListElement\":[{\"@type\":\"ListItem\",\"position\":1,\"name\":\"Hjem\",\"item\":\"https:\\\/\\\/hotel-garni.dk\\\/\"},{\"@type\":\"ListItem\",\"position\":2,\"name\":\"V\u00e6relsesmappe\"}]},{\"@type\":\"WebSite\",\"@id\":\"https:\\\/\\\/hotel-garni.dk\\\/#website\",\"url\":\"https:\\\/\\\/hotel-garni.dk\\\/\",\"name\":\"Hotel Garni\",\"description\":\"\",\"publisher\":{\"@id\":\"https:\\\/\\\/hotel-garni.dk\\\/#organization\"},\"potentialAction\":[{\"@type\":\"SearchAction\",\"target\":{\"@type\":\"EntryPoint\",\"urlTemplate\":\"https:\\\/\\\/hotel-garni.dk\\\/?s={search_term_string}\"},\"query-input\":{\"@type\":\"PropertyValueSpecification\",\"valueRequired\":true,\"valueName\":\"search_term_string\"}}],\"inLanguage\":\"de\"},{\"@type\":\"Organization\",\"@id\":\"https:\\\/\\\/hotel-garni.dk\\\/#organization\",\"name\":\"Template\",\"url\":\"https:\\\/\\\/hotel-garni.dk\\\/\",\"logo\":{\"@type\":\"ImageObject\",\"inLanguage\":\"de\",\"@id\":\"https:\\\/\\\/hotel-garni.dk\\\/#\\\/schema\\\/logo\\\/image\\\/\",\"url\":\"https:\\\/\\\/hotel-garni.dk\\\/wp-content\\\/uploads\\\/2020\\\/11\\\/hotel-garni-logo.svg\",\"contentUrl\":\"https:\\\/\\\/hotel-garni.dk\\\/wp-content\\\/uploads\\\/2020\\\/11\\\/hotel-garni-logo.svg\",\"width\":450,\"height\":114,\"caption\":\"Template\"},\"image\":{\"@id\":\"https:\\\/\\\/hotel-garni.dk\\\/#\\\/schema\\\/logo\\\/image\\\/\"}}]}<\/script>\n<!-- \/ Yoast SEO plugin. -->","yoast_head_json":{"title":"Hotel Garni in Svendborg auf F\u00fcnen. Lesen Sie hier mehr Informationen","description":"Wir haben alle praktischen Informationen in unserer Zimmermappe gesammelt, damit sie f\u00fcr Sie leicht zug\u00e4nglich ist. Lesen Sie die Zimmermappe hier.","robots":{"index":"index","follow":"follow","max-snippet":"max-snippet:-1","max-image-preview":"max-image-preview:large","max-video-preview":"max-video-preview:-1"},"canonical":"https:\/\/hotel-garni.dk\/de\/vaerelsesmappe\/","og_locale":"de_DE","og_type":"article","og_title":"Hotel Garni i Svendborg p\u00e5 Fyn. L\u00e6s mere information her","og_description":"Vi har samlet alt den praktiske information i vores v\u00e6relsesmappe, s\u00e5 det er lettilg\u00e6ngeligt for dig. L\u00e6s v\u00e6relsesmappe her.","og_url":"https:\/\/hotel-garni.dk\/de\/vaerelsesmappe\/","og_site_name":"Hotel Garni","article_modified_time":"2024-03-06T08:27:01+00:00","og_image":[{"width":1728,"height":1152,"url":"https:\/\/hotel-garni.dk\/wp-content\/uploads\/2023\/05\/Facade.jpg","type":"image\/jpeg"}],"twitter_card":"summary_large_image","twitter_misc":{"Gesch\u00e4tzte Lesezeit":"4\u00a0Minuten"},"schema":{"@context":"https:\/\/schema.org","@graph":[{"@type":"WebPage","@id":"https:\/\/hotel-garni.dk\/vaerelsesmappe\/","url":"https:\/\/hotel-garni.dk\/vaerelsesmappe\/","name":"Hotel Garni in Svendborg auf F\u00fcnen. Lesen Sie hier mehr Informationen","isPartOf":{"@id":"https:\/\/hotel-garni.dk\/#website"},"primaryImageOfPage":{"@id":"https:\/\/hotel-garni.dk\/vaerelsesmappe\/#primaryimage"},"image":{"@id":"https:\/\/hotel-garni.dk\/vaerelsesmappe\/#primaryimage"},"thumbnailUrl":"https:\/\/hotel-garni.dk\/wp-content\/uploads\/2023\/05\/Facade.jpg","datePublished":"2022-06-15T08:58:27+00:00","dateModified":"2024-03-06T08:27:01+00:00","description":"Wir haben alle praktischen Informationen in unserer Zimmermappe gesammelt, damit sie f\u00fcr Sie leicht zug\u00e4nglich ist. Lesen Sie die Zimmermappe hier.","breadcrumb":{"@id":"https:\/\/hotel-garni.dk\/vaerelsesmappe\/#breadcrumb"},"inLanguage":"de","potentialAction":[{"@type":"ReadAction","target":["https:\/\/hotel-garni.dk\/vaerelsesmappe\/"]}]},{"@type":"ImageObject","inLanguage":"de","@id":"https:\/\/hotel-garni.dk\/vaerelsesmappe\/#primaryimage","url":"https:\/\/hotel-garni.dk\/wp-content\/uploads\/2023\/05\/Facade.jpg","contentUrl":"https:\/\/hotel-garni.dk\/wp-content\/uploads\/2023\/05\/Facade.jpg","width":1728,"height":1152,"caption":"Hotel Garni facade"},{"@type":"BreadcrumbList","@id":"https:\/\/hotel-garni.dk\/vaerelsesmappe\/#breadcrumb","itemListElement":[{"@type":"ListItem","position":1,"name":"Hjem","item":"https:\/\/hotel-garni.dk\/"},{"@type":"ListItem","position":2,"name":"V\u00e6relsesmappe"}]},{"@type":"WebSite","@id":"https:\/\/hotel-garni.dk\/#website","url":"https:\/\/hotel-garni.dk\/","name":"Hotel Garni","description":"","publisher":{"@id":"https:\/\/hotel-garni.dk\/#organization"},"potentialAction":[{"@type":"SearchAction","target":{"@type":"EntryPoint","urlTemplate":"https:\/\/hotel-garni.dk\/?s={search_term_string}"},"query-input":{"@type":"PropertyValueSpecification","valueRequired":true,"valueName":"search_term_string"}}],"inLanguage":"de"},{"@type":"Organization","@id":"https:\/\/hotel-garni.dk\/#organization","name":"Vorlage","url":"https:\/\/hotel-garni.dk\/","logo":{"@type":"ImageObject","inLanguage":"de","@id":"https:\/\/hotel-garni.dk\/#\/schema\/logo\/image\/","url":"https:\/\/hotel-garni.dk\/wp-content\/uploads\/2020\/11\/hotel-garni-logo.svg","contentUrl":"https:\/\/hotel-garni.dk\/wp-content\/uploads\/2020\/11\/hotel-garni-logo.svg","width":450,"height":114,"caption":"Template"},"image":{"@id":"https:\/\/hotel-garni.dk\/#\/schema\/logo\/image\/"}}]}},"_links":{"self":[{"href":"https:\/\/hotel-garni.dk\/de\/wp-json\/wp\/v2\/pages\/342","targetHints":{"allow":["GET"]}}],"collection":[{"href":"https:\/\/hotel-garni.dk\/de\/wp-json\/wp\/v2\/pages"}],"about":[{"href":"https:\/\/hotel-garni.dk\/de\/wp-json\/wp\/v2\/types\/page"}],"author":[{"embeddable":true,"href":"https:\/\/hotel-garni.dk\/de\/wp-json\/wp\/v2\/users\/2"}],"replies":[{"embeddable":true,"href":"https:\/\/hotel-garni.dk\/de\/wp-json\/wp\/v2\/comments?post=342"}],"version-history":[{"count":45,"href":"https:\/\/hotel-garni.dk\/de\/wp-json\/wp\/v2\/pages\/342\/revisions"}],"predecessor-version":[{"id":777,"href":"https:\/\/hotel-garni.dk\/de\/wp-json\/wp\/v2\/pages\/342\/revisions\/777"}],"wp:featuredmedia":[{"embeddable":true,"href":"https:\/\/hotel-garni.dk\/de\/wp-json\/wp\/v2\/media\/475"}],"wp:attachment":[{"href":"https:\/\/hotel-garni.dk\/de\/wp-json\/wp\/v2\/media?parent=342"}],"curies":[{"name":"wp","href":"https:\/\/api.w.org\/{rel}","templated":true}]}}