{"id":345,"date":"2022-06-15T10:59:10","date_gmt":"2022-06-15T08:59:10","guid":{"rendered":"https:\/\/hotel-garni.dk\/?page_id=345"},"modified":"2023-11-24T09:56:57","modified_gmt":"2023-11-24T08:56:57","slug":"kontakt","status":"publish","type":"page","link":"https:\/\/hotel-garni.dk\/de\/kontakt\/","title":{"rendered":"Kontakt"},"content":{"rendered":"\t\t<div data-elementor-type=\"wp-page\" data-elementor-id=\"345\" class=\"elementor elementor-345\" data-elementor-post-type=\"page\">\n\t\t\t\t\t\t<section class=\"elementor-section elementor-top-section elementor-element elementor-element-f07c442 elementor-reverse-tablet elementor-reverse-mobile elementor-section-boxed elementor-section-height-default elementor-section-height-default\" data-id=\"f07c442\" data-element_type=\"section\" data-e-type=\"section\">\n\t\t\t\t\t\t<div class=\"elementor-container elementor-column-gap-no\">\n\t\t\t\t\t<div class=\"elementor-column elementor-col-50 elementor-top-column elementor-element elementor-element-bd991d1\" data-id=\"bd991d1\" data-element_type=\"column\" data-e-type=\"column\">\n\t\t\t<div class=\"elementor-widget-wrap elementor-element-populated\">\n\t\t\t\t\t\t<div class=\"elementor-element elementor-element-6460745 elementor-widget elementor-widget-heading\" data-id=\"6460745\" data-element_type=\"widget\" data-e-type=\"widget\" data-widget_type=\"heading.default\">\n\t\t\t\t<div class=\"elementor-widget-container\">\n\t\t\t\t\t<h2 class=\"elementor-heading-title elementor-size-default\">Kontakt Hotel Garni i Svendborg\n\n<\/h2>\t\t\t\t<\/div>\n\t\t\t\t<\/div>\n\t\t\t\t<div class=\"elementor-element elementor-element-8db3528 elementor-widget elementor-widget-heading\" data-id=\"8db3528\" data-element_type=\"widget\" data-e-type=\"widget\" data-widget_type=\"heading.default\">\n\t\t\t\t<div class=\"elementor-widget-container\">\n\t\t\t\t\t<h3 class=\"elementor-heading-title elementor-size-default\">Booking og morgenbuffet\n\n<\/h3>\t\t\t\t<\/div>\n\t\t\t\t<\/div>\n\t\t\t\t<div class=\"elementor-element elementor-element-d50cea1 elementor-button-align-start elementor-widget elementor-widget-form\" data-id=\"d50cea1\" data-element_type=\"widget\" data-e-type=\"widget\" data-settings=\"{&quot;button_width&quot;:&quot;100&quot;,&quot;step_type&quot;:&quot;number_text&quot;,&quot;step_icon_shape&quot;:&quot;circle&quot;}\" data-widget_type=\"form.default\">\n\t\t\t\t<div class=\"elementor-widget-container\">\n\t\t\t\t\t\t\t<form class=\"elementor-form\" method=\"post\" name=\"Ny formular\" aria-label=\"Ny formular\">\n\t\t\t<input type=\"hidden\" name=\"post_id\" value=\"345\"\/>\n\t\t\t<input type=\"hidden\" name=\"form_id\" value=\"d50cea1\"\/>\n\t\t\t<input type=\"hidden\" name=\"referer_title\" value=\"Hotel Garni\" \/>\n\n\t\t\t\n\t\t\t<div class=\"elementor-form-fields-wrapper elementor-labels-above\">\n\t\t\t\t\t\t\t\t<div class=\"elementor-field-type-text elementor-field-group elementor-column elementor-field-group-name elementor-col-70\">\n\t\t\t\t\t\t\t\t\t\t\t\t\t<input size=\"1\" type=\"text\" name=\"form_fields[name]\" id=\"form-field-name\" class=\"elementor-field elementor-size-sm  elementor-field-textual\" placeholder=\"Navn\">\n\t\t\t\t\t\t\t\t\t\t\t<\/div>\n\t\t\t\t\t\t\t\t<div class=\"elementor-field-type-email elementor-field-group elementor-column elementor-field-group-email elementor-col-70 elementor-field-required\">\n\t\t\t\t\t\t\t\t\t\t\t\t\t<input size=\"1\" type=\"email\" name=\"form_fields[email]\" id=\"form-field-email\" class=\"elementor-field elementor-size-sm  elementor-field-textual\" placeholder=\"E-mail\" required=\"required\">\n\t\t\t\t\t\t\t\t\t\t\t<\/div>\n\t\t\t\t\t\t\t\t<div class=\"elementor-field-type-tel elementor-field-group elementor-column elementor-field-group-field_d793a13 elementor-col-70\">\n\t\t\t\t\t\t\t<input size=\"1\" type=\"tel\" name=\"form_fields[field_d793a13]\" id=\"form-field-field_d793a13\" class=\"elementor-field elementor-size-sm  elementor-field-textual\" placeholder=\"Telefon\" pattern=\"[0-9()#&amp;+*-=.]+\" title=\"Kun tal og telefonkarakterer (#,-,*, o.s.v.) accepteres.\">\n\n\t\t\t\t\t\t<\/div>\n\t\t\t\t\t\t\t\t<div class=\"elementor-field-type-textarea elementor-field-group elementor-column elementor-field-group-message elementor-col-70\">\n\t\t\t\t\t<textarea class=\"elementor-field-textual elementor-field  elementor-size-sm\" name=\"form_fields[message]\" id=\"form-field-message\" rows=\"4\" placeholder=\"Besked\"><\/textarea>\t\t\t\t<\/div>\n\t\t\t\t\t\t\t\t<div class=\"elementor-field-type-recaptcha_v3 elementor-field-group elementor-column elementor-field-group-field_a391884 elementor-col-100 recaptcha_v3-bottomright\">\n\t\t\t\t\t<div class=\"elementor-field\" id=\"form-field-field_a391884\"><div class=\"elementor-g-recaptcha\" data-sitekey=\"6LdNt3wmAAAAAKRA8bSC_ITuOU1rT48cdzhv5RAr\" data-type=\"v3\" data-action=\"Form\" data-badge=\"bottomright\" data-size=\"invisible\"><\/div><\/div>\t\t\t\t<\/div>\n\t\t\t\t\t\t\t\t<div class=\"elementor-field-group elementor-column elementor-field-type-submit elementor-col-100 e-form__buttons\">\n\t\t\t\t\t<button class=\"elementor-button elementor-size-sm\" type=\"submit\">\n\t\t\t\t\t\t<span class=\"elementor-button-content-wrapper\">\n\t\t\t\t\t\t\t\t\t\t\t\t\t\t\t\t\t\t\t\t\t\t<span class=\"elementor-button-text\">Send besked<\/span>\n\t\t\t\t\t\t\t\t\t\t\t\t\t<\/span>\n\t\t\t\t\t<\/button>\n\t\t\t\t<\/div>\n\t\t\t<\/div>\n\t\t<\/form>\n\t\t\t\t\t\t<\/div>\n\t\t\t\t<\/div>\n\t\t\t\t<div class=\"elementor-element elementor-element-987c2c8 elementor-widget elementor-widget-text-editor\" data-id=\"987c2c8\" data-element_type=\"widget\" data-e-type=\"widget\" data-widget_type=\"text-editor.default\">\n\t\t\t\t<div class=\"elementor-widget-container\">\n\t\t\t\t\t\t\t\t\t<p>Hotel Svendborg<br \/>Centrumpladsen 1 &#8211;\u00a05700 Svendborg, Fyn<\/p><p>Telefon <a href=\"tel:+4562211700\">+45 6221 1700<\/a><br \/>Fax +45 6221 9012<\/p><p><a href=\"mailto:booking@hotel-garni.dk\"><span style=\"text-decoration: underline;\">booking@hotel-garni.dk<\/span><\/a><\/p>\t\t\t\t\t\t\t\t<\/div>\n\t\t\t\t<\/div>\n\t\t\t\t\t<\/div>\n\t\t<\/div>\n\t\t\t\t<div class=\"elementor-column elementor-col-50 elementor-top-column elementor-element elementor-element-033a3ff\" data-id=\"033a3ff\" data-element_type=\"column\" data-e-type=\"column\">\n\t\t\t<div class=\"elementor-widget-wrap elementor-element-populated\">\n\t\t\t\t\t\t<div class=\"elementor-element elementor-element-ce461ea elementor-widget elementor-widget-image\" data-id=\"ce461ea\" data-element_type=\"widget\" data-e-type=\"widget\" data-widget_type=\"image.default\">\n\t\t\t\t<div class=\"elementor-widget-container\">\n\t\t\t\t\t\t\t\t\t\t\t\t\t\t\t<img fetchpriority=\"high\" decoding=\"async\" width=\"800\" height=\"534\" src=\"https:\/\/hotel-garni.dk\/wp-content\/uploads\/2023\/05\/Facade-1024x683.jpg\" class=\"attachment-large size-large wp-image-475\" alt=\"Hotel Garni facade\" srcset=\"https:\/\/hotel-garni.dk\/wp-content\/uploads\/2023\/05\/Facade-1024x683.jpg 1024w, https:\/\/hotel-garni.dk\/wp-content\/uploads\/2023\/05\/Facade-300x200.jpg 300w, https:\/\/hotel-garni.dk\/wp-content\/uploads\/2023\/05\/Facade-768x512.jpg 768w, https:\/\/hotel-garni.dk\/wp-content\/uploads\/2023\/05\/Facade-1536x1024.jpg 1536w, https:\/\/hotel-garni.dk\/wp-content\/uploads\/2023\/05\/Facade.jpg 1728w\" sizes=\"(max-width: 800px) 100vw, 800px\" \/>\t\t\t\t\t\t\t\t\t\t\t\t\t\t\t<\/div>\n\t\t\t\t<\/div>\n\t\t\t\t\t<\/div>\n\t\t<\/div>\n\t\t\t\t\t<\/div>\n\t\t<\/section>\n\t\t\t\t<section class=\"elementor-section elementor-top-section elementor-element elementor-element-0b5533d elementor-reverse-tablet elementor-reverse-mobile elementor-section-stretched elementor-section-boxed elementor-section-height-default elementor-section-height-default\" data-id=\"0b5533d\" data-element_type=\"section\" data-e-type=\"section\" data-settings=\"{&quot;background_background&quot;:&quot;classic&quot;,&quot;stretch_section&quot;:&quot;section-stretched&quot;}\">\n\t\t\t\t\t\t<div class=\"elementor-container elementor-column-gap-no\">\n\t\t\t\t\t<div class=\"elementor-column elementor-col-100 elementor-top-column elementor-element elementor-element-f6c44de\" data-id=\"f6c44de\" data-element_type=\"column\" data-e-type=\"column\">\n\t\t\t<div class=\"elementor-widget-wrap elementor-element-populated\">\n\t\t\t\t\t\t<div class=\"elementor-element elementor-element-0150443 elementor-widget elementor-widget-heading\" data-id=\"0150443\" data-element_type=\"widget\" data-e-type=\"widget\" data-widget_type=\"heading.default\">\n\t\t\t\t<div class=\"elementor-widget-container\">\n\t\t\t\t\t<h2 class=\"elementor-heading-title elementor-size-default\">Find Hotel Garni Svendborg\n<\/h2>\t\t\t\t<\/div>\n\t\t\t\t<\/div>\n\t\t\t\t<div class=\"elementor-element elementor-element-820ee02 elementor-widget elementor-widget-text-editor\" data-id=\"820ee02\" data-element_type=\"widget\" data-e-type=\"widget\" data-widget_type=\"text-editor.default\">\n\t\t\t\t<div class=\"elementor-widget-container\">\n\t\t\t\t\t\t\t\t\t<p>Toldbodvej\u00a05 &#8211; 5700 Svendborg, Fyn\u00a0<\/p>\t\t\t\t\t\t\t\t<\/div>\n\t\t\t\t<\/div>\n\t\t\t\t<div class=\"elementor-element elementor-element-587c988 elementor-widget elementor-widget-google_maps\" data-id=\"587c988\" data-element_type=\"widget\" data-e-type=\"widget\" data-widget_type=\"google_maps.default\">\n\t\t\t\t<div class=\"elementor-widget-container\">\n\t\t\t\t\t\t\t<div class=\"elementor-custom-embed\">\n\t\t\t<iframe loading=\"lazy\"\n\t\t\t\t\tsrc=\"https:\/\/maps.google.com\/maps?q=Toldbodvej%C2%A05&#038;t=m&#038;z=15&#038;output=embed&#038;iwloc=near\"\n\t\t\t\t\ttitle=\"Toldbodvej\u00a05\"\n\t\t\t\t\taria-label=\"Toldbodvej\u00a05\"\n\t\t\t><\/iframe>\n\t\t<\/div>\n\t\t\t\t\t\t<\/div>\n\t\t\t\t<\/div>\n\t\t\t\t<div class=\"elementor-element elementor-element-b68bc5d elementor-widget elementor-widget-text-editor\" data-id=\"b68bc5d\" data-element_type=\"widget\" data-e-type=\"widget\" data-widget_type=\"text-editor.default\">\n\t\t\t\t<div class=\"elementor-widget-container\">\n\t\t\t\t\t\t\t\t\t<p>Bes\u00f8g ogs\u00e5 vores andre hoteller:<\/p>\t\t\t\t\t\t\t\t<\/div>\n\t\t\t\t<\/div>\n\t\t\t\t<section class=\"elementor-section elementor-inner-section elementor-element elementor-element-0ade569 elementor-section-boxed elementor-section-height-default elementor-section-height-default\" data-id=\"0ade569\" data-element_type=\"section\" data-e-type=\"section\">\n\t\t\t\t\t\t<div class=\"elementor-container elementor-column-gap-default\">\n\t\t\t\t\t<div class=\"elementor-column elementor-col-50 elementor-inner-column elementor-element elementor-element-c7283cb\" data-id=\"c7283cb\" data-element_type=\"column\" data-e-type=\"column\">\n\t\t\t<div class=\"elementor-widget-wrap elementor-element-populated\">\n\t\t\t\t\t\t<div class=\"elementor-element elementor-element-982b7c6 elementor-widget elementor-widget-image\" data-id=\"982b7c6\" data-element_type=\"widget\" data-e-type=\"widget\" data-widget_type=\"image.default\">\n\t\t\t\t<div class=\"elementor-widget-container\">\n\t\t\t\t\t\t\t\t\t\t\t\t\t\t\t\t<a href=\"https:\/\/hotelsvendborg.dk\/\" target=\"_blank\">\n\t\t\t\t\t\t\t<img decoding=\"async\" width=\"256\" height=\"27\" src=\"https:\/\/hotel-garni.dk\/wp-content\/uploads\/2023\/05\/hotel-svendborg.svg\" class=\"attachment-large size-large wp-image-566\" alt=\"Hotel Svendborg logo\" \/>\t\t\t\t\t\t\t\t<\/a>\n\t\t\t\t\t\t\t\t\t\t\t\t\t\t\t<\/div>\n\t\t\t\t<\/div>\n\t\t\t\t\t<\/div>\n\t\t<\/div>\n\t\t\t\t<div class=\"elementor-column elementor-col-50 elementor-inner-column elementor-element elementor-element-9fdcbca\" data-id=\"9fdcbca\" data-element_type=\"column\" data-e-type=\"column\">\n\t\t\t<div class=\"elementor-widget-wrap elementor-element-populated\">\n\t\t\t\t\t\t<div class=\"elementor-element elementor-element-31fb9ff elementor-widget elementor-widget-image\" data-id=\"31fb9ff\" data-element_type=\"widget\" data-e-type=\"widget\" data-widget_type=\"image.default\">\n\t\t\t\t<div class=\"elementor-widget-container\">\n\t\t\t\t\t\t\t\t\t\t\t\t\t\t\t\t<a href=\"https:\/\/hotelfredericia.dk\/\" target=\"_blank\">\n\t\t\t\t\t\t\t<img decoding=\"async\" width=\"800\" height=\"87\" src=\"https:\/\/hotel-garni.dk\/wp-content\/uploads\/2023\/05\/hotel-fredericia.svg\" class=\"attachment-large size-large wp-image-567\" alt=\"Hotel Fredericia logo\" \/>\t\t\t\t\t\t\t\t<\/a>\n\t\t\t\t\t\t\t\t\t\t\t\t\t\t\t<\/div>\n\t\t\t\t<\/div>\n\t\t\t\t\t<\/div>\n\t\t<\/div>\n\t\t\t\t\t<\/div>\n\t\t<\/section>\n\t\t\t\t\t<\/div>\n\t\t<\/div>\n\t\t\t\t\t<\/div>\n\t\t<\/section>\n\t\t\t\t<\/div>\n\t\t","protected":false},"excerpt":{"rendered":"<p>Kontakt Hotel Garni i Svendborg Booking og morgenbuffet Hotel SvendborgCentrumpladsen 1 &#8211;\u00a05700 Svendborg, Fyn Telefon +45 6221 1700Fax +45 6221 9012 booking@hotel-garni.dk Find Hotel Garni Svendborg Toldbodvej\u00a05 &#8211; 5700 Svendborg, Fyn\u00a0 Bes\u00f8g ogs\u00e5 vores andre hoteller:<\/p>","protected":false},"author":2,"featured_media":530,"parent":0,"menu_order":0,"comment_status":"closed","ping_status":"closed","template":"","meta":{"footnotes":""},"class_list":["post-345","page","type-page","status-publish","has-post-thumbnail","hentry"],"yoast_head":"<!-- This site is optimized with the Yoast SEO plugin v27.1.1 - https:\/\/yoast.com\/product\/yoast-seo-wordpress\/ -->\n<title>Hotel Garni i Svendborg | Kontakt her<\/title>\n<meta name=\"description\" content=\"\u00d8nsker du et l\u00e6kkert og billigt hotelv\u00e6relse i hjertet af Svendborg, s\u00e5 kontakt Hotel Garni for yderlige information. Kontakt os her.\" \/>\n<meta name=\"robots\" content=\"index, follow, max-snippet:-1, max-image-preview:large, max-video-preview:-1\" \/>\n<link rel=\"canonical\" href=\"https:\/\/hotel-garni.dk\/de\/kontakt\/\" \/>\n<meta property=\"og:locale\" content=\"de_DE\" \/>\n<meta property=\"og:type\" content=\"article\" \/>\n<meta property=\"og:title\" content=\"Hotel Garni i Svendborg | Kontakt her\" \/>\n<meta property=\"og:description\" content=\"\u00d8nsker du et l\u00e6kkert og billigt hotelv\u00e6relse i hjertet af Svendborg, s\u00e5 kontakt Hotel Garni for yderlige information. Kontakt os her.\" \/>\n<meta property=\"og:url\" content=\"https:\/\/hotel-garni.dk\/de\/kontakt\/\" \/>\n<meta property=\"og:site_name\" content=\"Hotel Garni\" \/>\n<meta property=\"article:modified_time\" content=\"2023-11-24T08:56:57+00:00\" \/>\n<meta property=\"og:image\" content=\"https:\/\/hotel-garni.dk\/wp-content\/uploads\/2023\/05\/V\u2018relse-2-2-low.jpg\" \/>\n\t<meta property=\"og:image:width\" content=\"1728\" \/>\n\t<meta property=\"og:image:height\" content=\"1152\" \/>\n\t<meta property=\"og:image:type\" content=\"image\/jpeg\" \/>\n<meta name=\"twitter:card\" content=\"summary_large_image\" \/>\n<meta name=\"twitter:label1\" content=\"Gesch\u00e4tzte Lesezeit\" \/>\n\t<meta name=\"twitter:data1\" content=\"1\u00a0Minute\" \/>\n<script type=\"application\/ld+json\" class=\"yoast-schema-graph\">{\"@context\":\"https:\/\/schema.org\",\"@graph\":[{\"@type\":\"WebPage\",\"@id\":\"https:\/\/hotel-garni.dk\/kontakt\/\",\"url\":\"https:\/\/hotel-garni.dk\/kontakt\/\",\"name\":\"Hotel Garni i Svendborg | Kontakt her\",\"isPartOf\":{\"@id\":\"https:\/\/hotel-garni.dk\/#website\"},\"primaryImageOfPage\":{\"@id\":\"https:\/\/hotel-garni.dk\/kontakt\/#primaryimage\"},\"image\":{\"@id\":\"https:\/\/hotel-garni.dk\/kontakt\/#primaryimage\"},\"thumbnailUrl\":\"https:\/\/hotel-garni.dk\/wp-content\/uploads\/2023\/05\/V\u2018relse-2-2-low.jpg\",\"datePublished\":\"2022-06-15T08:59:10+00:00\",\"dateModified\":\"2023-11-24T08:56:57+00:00\",\"description\":\"\u00d8nsker du et l\u00e6kkert og billigt hotelv\u00e6relse i hjertet af Svendborg, s\u00e5 kontakt Hotel Garni for yderlige information. Kontakt os her.\",\"breadcrumb\":{\"@id\":\"https:\/\/hotel-garni.dk\/kontakt\/#breadcrumb\"},\"inLanguage\":\"de\",\"potentialAction\":[{\"@type\":\"ReadAction\",\"target\":[\"https:\/\/hotel-garni.dk\/kontakt\/\"]}]},{\"@type\":\"ImageObject\",\"inLanguage\":\"de\",\"@id\":\"https:\/\/hotel-garni.dk\/kontakt\/#primaryimage\",\"url\":\"https:\/\/hotel-garni.dk\/wp-content\/uploads\/2023\/05\/V\u2018relse-2-2-low.jpg\",\"contentUrl\":\"https:\/\/hotel-garni.dk\/wp-content\/uploads\/2023\/05\/V\u2018relse-2-2-low.jpg\",\"width\":1728,\"height\":1152,\"caption\":\"Dobbeltv\u00e6relse\"},{\"@type\":\"BreadcrumbList\",\"@id\":\"https:\/\/hotel-garni.dk\/kontakt\/#breadcrumb\",\"itemListElement\":[{\"@type\":\"ListItem\",\"position\":1,\"name\":\"Hjem\",\"item\":\"https:\/\/hotel-garni.dk\/\"},{\"@type\":\"ListItem\",\"position\":2,\"name\":\"Kontakt\"}]},{\"@type\":\"WebSite\",\"@id\":\"https:\/\/hotel-garni.dk\/#website\",\"url\":\"https:\/\/hotel-garni.dk\/\",\"name\":\"Hotel Garni\",\"description\":\"\",\"publisher\":{\"@id\":\"https:\/\/hotel-garni.dk\/#organization\"},\"potentialAction\":[{\"@type\":\"SearchAction\",\"target\":{\"@type\":\"EntryPoint\",\"urlTemplate\":\"https:\/\/hotel-garni.dk\/?s={search_term_string}\"},\"query-input\":{\"@type\":\"PropertyValueSpecification\",\"valueRequired\":true,\"valueName\":\"search_term_string\"}}],\"inLanguage\":\"de\"},{\"@type\":\"Organization\",\"@id\":\"https:\/\/hotel-garni.dk\/#organization\",\"name\":\"Template\",\"url\":\"https:\/\/hotel-garni.dk\/\",\"logo\":{\"@type\":\"ImageObject\",\"inLanguage\":\"de\",\"@id\":\"https:\/\/hotel-garni.dk\/#\/schema\/logo\/image\/\",\"url\":\"https:\/\/hotel-garni.dk\/wp-content\/uploads\/2020\/11\/hotel-garni-logo.svg\",\"contentUrl\":\"https:\/\/hotel-garni.dk\/wp-content\/uploads\/2020\/11\/hotel-garni-logo.svg\",\"width\":450,\"height\":114,\"caption\":\"Template\"},\"image\":{\"@id\":\"https:\/\/hotel-garni.dk\/#\/schema\/logo\/image\/\"}}]}<\/script>\n<!-- \/ Yoast SEO plugin. -->","yoast_head_json":{"title":"Hotel Garni i Svendborg | Kontakt her","description":"\u00d8nsker du et l\u00e6kkert og billigt hotelv\u00e6relse i hjertet af Svendborg, s\u00e5 kontakt Hotel Garni for yderlige information. Kontakt os her.","robots":{"index":"index","follow":"follow","max-snippet":"max-snippet:-1","max-image-preview":"max-image-preview:large","max-video-preview":"max-video-preview:-1"},"canonical":"https:\/\/hotel-garni.dk\/de\/kontakt\/","og_locale":"de_DE","og_type":"article","og_title":"Hotel Garni i Svendborg | Kontakt her","og_description":"\u00d8nsker du et l\u00e6kkert og billigt hotelv\u00e6relse i hjertet af Svendborg, s\u00e5 kontakt Hotel Garni for yderlige information. Kontakt os her.","og_url":"https:\/\/hotel-garni.dk\/de\/kontakt\/","og_site_name":"Hotel Garni","article_modified_time":"2023-11-24T08:56:57+00:00","og_image":[{"width":1728,"height":1152,"url":"https:\/\/hotel-garni.dk\/wp-content\/uploads\/2023\/05\/V\u2018relse-2-2-low.jpg","type":"image\/jpeg"}],"twitter_card":"summary_large_image","twitter_misc":{"Gesch\u00e4tzte Lesezeit":"1\u00a0Minute"},"schema":{"@context":"https:\/\/schema.org","@graph":[{"@type":"WebPage","@id":"https:\/\/hotel-garni.dk\/kontakt\/","url":"https:\/\/hotel-garni.dk\/kontakt\/","name":"Hotel Garni i Svendborg | Kontakt her","isPartOf":{"@id":"https:\/\/hotel-garni.dk\/#website"},"primaryImageOfPage":{"@id":"https:\/\/hotel-garni.dk\/kontakt\/#primaryimage"},"image":{"@id":"https:\/\/hotel-garni.dk\/kontakt\/#primaryimage"},"thumbnailUrl":"https:\/\/hotel-garni.dk\/wp-content\/uploads\/2023\/05\/V\u2018relse-2-2-low.jpg","datePublished":"2022-06-15T08:59:10+00:00","dateModified":"2023-11-24T08:56:57+00:00","description":"\u00d8nsker du et l\u00e6kkert og billigt hotelv\u00e6relse i hjertet af Svendborg, s\u00e5 kontakt Hotel Garni for yderlige information. Kontakt os her.","breadcrumb":{"@id":"https:\/\/hotel-garni.dk\/kontakt\/#breadcrumb"},"inLanguage":"de","potentialAction":[{"@type":"ReadAction","target":["https:\/\/hotel-garni.dk\/kontakt\/"]}]},{"@type":"ImageObject","inLanguage":"de","@id":"https:\/\/hotel-garni.dk\/kontakt\/#primaryimage","url":"https:\/\/hotel-garni.dk\/wp-content\/uploads\/2023\/05\/V\u2018relse-2-2-low.jpg","contentUrl":"https:\/\/hotel-garni.dk\/wp-content\/uploads\/2023\/05\/V\u2018relse-2-2-low.jpg","width":1728,"height":1152,"caption":"Dobbeltv\u00e6relse"},{"@type":"BreadcrumbList","@id":"https:\/\/hotel-garni.dk\/kontakt\/#breadcrumb","itemListElement":[{"@type":"ListItem","position":1,"name":"Hjem","item":"https:\/\/hotel-garni.dk\/"},{"@type":"ListItem","position":2,"name":"Kontakt"}]},{"@type":"WebSite","@id":"https:\/\/hotel-garni.dk\/#website","url":"https:\/\/hotel-garni.dk\/","name":"Hotel Garni","description":"","publisher":{"@id":"https:\/\/hotel-garni.dk\/#organization"},"potentialAction":[{"@type":"SearchAction","target":{"@type":"EntryPoint","urlTemplate":"https:\/\/hotel-garni.dk\/?s={search_term_string}"},"query-input":{"@type":"PropertyValueSpecification","valueRequired":true,"valueName":"search_term_string"}}],"inLanguage":"de"},{"@type":"Organization","@id":"https:\/\/hotel-garni.dk\/#organization","name":"Template","url":"https:\/\/hotel-garni.dk\/","logo":{"@type":"ImageObject","inLanguage":"de","@id":"https:\/\/hotel-garni.dk\/#\/schema\/logo\/image\/","url":"https:\/\/hotel-garni.dk\/wp-content\/uploads\/2020\/11\/hotel-garni-logo.svg","contentUrl":"https:\/\/hotel-garni.dk\/wp-content\/uploads\/2020\/11\/hotel-garni-logo.svg","width":450,"height":114,"caption":"Template"},"image":{"@id":"https:\/\/hotel-garni.dk\/#\/schema\/logo\/image\/"}}]}},"_links":{"self":[{"href":"https:\/\/hotel-garni.dk\/de\/wp-json\/wp\/v2\/pages\/345","targetHints":{"allow":["GET"]}}],"collection":[{"href":"https:\/\/hotel-garni.dk\/de\/wp-json\/wp\/v2\/pages"}],"about":[{"href":"https:\/\/hotel-garni.dk\/de\/wp-json\/wp\/v2\/types\/page"}],"author":[{"embeddable":true,"href":"https:\/\/hotel-garni.dk\/de\/wp-json\/wp\/v2\/users\/2"}],"replies":[{"embeddable":true,"href":"https:\/\/hotel-garni.dk\/de\/wp-json\/wp\/v2\/comments?post=345"}],"version-history":[{"count":51,"href":"https:\/\/hotel-garni.dk\/de\/wp-json\/wp\/v2\/pages\/345\/revisions"}],"predecessor-version":[{"id":703,"href":"https:\/\/hotel-garni.dk\/de\/wp-json\/wp\/v2\/pages\/345\/revisions\/703"}],"wp:featuredmedia":[{"embeddable":true,"href":"https:\/\/hotel-garni.dk\/de\/wp-json\/wp\/v2\/media\/530"}],"wp:attachment":[{"href":"https:\/\/hotel-garni.dk\/de\/wp-json\/wp\/v2\/media?parent=345"}],"curies":[{"name":"wp","href":"https:\/\/api.w.org\/{rel}","templated":true}]}}