{"id":342,"date":"2022-06-15T10:58:27","date_gmt":"2022-06-15T08:58:27","guid":{"rendered":"https:\/\/hotel-garni.dk\/?page_id=342"},"modified":"2024-03-06T09:27:01","modified_gmt":"2024-03-06T08:27:01","slug":"vaerelsesmappe","status":"publish","type":"page","link":"https:\/\/hotel-garni.dk\/en\/vaerelsesmappe\/","title":{"rendered":"Room folder"},"content":{"rendered":"<div data-elementor-type=\"wp-page\" data-elementor-id=\"342\" class=\"elementor elementor-342\" data-elementor-post-type=\"page\">\n\t\t\t\t\t\t<section class=\"elementor-section elementor-top-section elementor-element elementor-element-299ed33 elementor-reverse-tablet elementor-reverse-mobile elementor-section-height-min-height elementor-section-items-top elementor-section-boxed elementor-section-height-default\" data-id=\"299ed33\" data-element_type=\"section\" data-e-type=\"section\">\n\t\t\t\t\t\t<div class=\"elementor-container elementor-column-gap-no\">\n\t\t\t\t\t<div class=\"elementor-column elementor-col-100 elementor-top-column elementor-element elementor-element-a8652ce\" data-id=\"a8652ce\" data-element_type=\"column\" data-e-type=\"column\">\n\t\t\t<div class=\"elementor-widget-wrap elementor-element-populated\">\n\t\t\t\t\t\t<div class=\"elementor-element elementor-element-f30fa8e elementor-widget elementor-widget-heading\" data-id=\"f30fa8e\" data-element_type=\"widget\" data-e-type=\"widget\" data-widget_type=\"heading.default\">\n\t\t\t\t<div class=\"elementor-widget-container\">\n\t\t\t\t\t<h2 class=\"elementor-heading-title elementor-size-default\">Dear Guest\n<\/h2>\t\t\t\t<\/div>\n\t\t\t\t<\/div>\n\t\t\t\t<div class=\"elementor-element elementor-element-06baec5 elementor-widget elementor-widget-heading\" data-id=\"06baec5\" data-element_type=\"widget\" data-e-type=\"widget\" data-widget_type=\"heading.default\">\n\t\t\t\t<div class=\"elementor-widget-container\">\n\t\t\t\t\t<h3 class=\"elementor-heading-title elementor-size-default\">Welcome to Hotel Garni<\/h3>\t\t\t\t<\/div>\n\t\t\t\t<\/div>\n\t\t\t\t<div class=\"elementor-element elementor-element-fb95ef4 elementor-widget elementor-widget-text-editor\" data-id=\"fb95ef4\" data-element_type=\"widget\" data-e-type=\"widget\" data-widget_type=\"text-editor.default\">\n\t\t\t\t<div class=\"elementor-widget-container\">\n\t\t\t\t\t\t\t\t\t<p>We warmly welcome you to Hotel Garni! Hotel Garni is part of Halberg Hotels and is owned by the same owner as Hotel Svendborg. Hotel Garni is unmanned, but if you need help, you can always contact the reception at Hotel Svendborg, which is available 24 hours a day.<\/p><p>If you have any questions or need help, the reception at Hotel Svendborg can always be contacted via the black phone in the lobby.<\/p><p>Summer is hot at Hotel Garni. That's why it's possible to swap your duvet for a sheet, which can be found in the bookcase in your room.<\/p>\t\t\t\t\t\t\t\t<\/div>\n\t\t\t\t<\/div>\n\t\t\t\t<div class=\"elementor-element elementor-element-1aa07f1 elementor-widget elementor-widget-image\" data-id=\"1aa07f1\" data-element_type=\"widget\" data-e-type=\"widget\" data-widget_type=\"image.default\">\n\t\t\t\t<div class=\"elementor-widget-container\">\n\t\t\t\t\t\t\t\t\t\t\t\t\t\t\t<img fetchpriority=\"high\" decoding=\"async\" width=\"800\" height=\"534\" src=\"https:\/\/hotel-garni.dk\/wp-content\/uploads\/2023\/05\/Facade-1024x683.jpg\" class=\"attachment-large size-large wp-image-475\" alt=\"Hotel Garni facade\" srcset=\"https:\/\/hotel-garni.dk\/wp-content\/uploads\/2023\/05\/Facade-1024x683.jpg 1024w, https:\/\/hotel-garni.dk\/wp-content\/uploads\/2023\/05\/Facade-300x200.jpg 300w, https:\/\/hotel-garni.dk\/wp-content\/uploads\/2023\/05\/Facade-768x512.jpg 768w, https:\/\/hotel-garni.dk\/wp-content\/uploads\/2023\/05\/Facade-1536x1024.jpg 1536w, https:\/\/hotel-garni.dk\/wp-content\/uploads\/2023\/05\/Facade.jpg 1728w\" sizes=\"(max-width: 800px) 100vw, 800px\" \/>\t\t\t\t\t\t\t\t\t\t\t\t\t\t\t<\/div>\n\t\t\t\t<\/div>\n\t\t\t\t<div class=\"elementor-element elementor-element-6dec37a elementor-widget elementor-widget-text-editor\" data-id=\"6dec37a\" data-element_type=\"widget\" data-e-type=\"widget\" data-widget_type=\"text-editor.default\">\n\t\t\t\t<div class=\"elementor-widget-container\">\n\t\t\t\t\t\t\t\t\t<h3>Breakfast:<\/h3>\n<p>Breakfast can be purchased at Hotel Svendborg for DKK 130 per person per day. Breakfast is served at Hotel Svendborg at the following times:<\/p>\n<p><strong>Monday - Friday: 06.30 - 9.30 am <\/strong><br><strong>Saturday: 07:00 - 10:00<\/strong><br><strong>Sunday: 7.30am - 10.30am<\/strong><\/p>\n<p>Changes may occur during school holidays and public holidays. Please contact the reception about this.<\/p>\n<h3>&nbsp;<\/h3>\n<h3>Departure:<\/h3>\n<p>The room will be at your disposal until 11:00 on the day of departure.<\/p>\n<h3>&nbsp;<\/h3>\n<h3>Key card:<\/h3>\n<p>Please keep the key card for the duration of your stay. On the day of departure, please place the key card in the black box marked \u201dkey card return at check out\u201d located in the lobby by the check-in desk.<\/p>\n<h3>&nbsp;<\/h3>\n<h3>Power:<\/h3>\n<p>Your key card is placed in the box at the entrance - then you have power in your room. If the card is removed (when you leave the room) the power is switched off.&nbsp;<\/p>\n<h3>&nbsp;<\/h3>\n<h3>Sockets:<\/h3>\n<p>The amperage in the hotel's sockets is 220 volts.<\/p>\n<h3>&nbsp;<\/h3>\n<h3>Brand:<\/h3>\n<p>Upon arrival at the hotel, please familiarise yourself with the emergency exit and escape routes. A fire alarm is installed in all rooms. If the alarm goes off, please call 112 immediately for an emergency call to the control centre.<\/p>\n<h3>&nbsp;<\/h3>\n<h3>Bicycle parking:<\/h3>\n<p>Under the canopy at the back entrance.<\/p>\n<h3>&nbsp;<\/h3>\n<h3>Pets:<\/h3>\n<p>If you plan to bring pets, please inform us in advance. Price per night DKK 135.00<\/p>\n<h3>&nbsp;<\/h3>\n<h3>Internet:<\/h3>\n<p>Free wireless internet is available throughout the hotel. The code is \u201dsvendborg\u201d.<\/p>\n<h3>&nbsp;<\/h3>\n<h3>Fridge:<\/h3>\n<p>There is a refrigerator in the living area for your use. Living room: Located on the ground floor. Here you can brew coffee, heat water and use the microwave.<\/p>\n<h3>&nbsp;<\/h3>\n<h3>Smoking:<\/h3>\n<p>Smoking is prohibited in all indoor areas. If smoking is allowed in the room, an extra cleaning fee of DKK 1000 will be charged.<\/p>\n<h3>&nbsp;<\/h3>\n<h3>Cleaning:<\/h3>\n<p>The room is cleaned on the 4th day. If you do not require this, please contact Hotel Svendborg's reception on telephone no. 6217 6208 or via the telephone in the hotel lobby. Additional towels and toilet paper are available on the 1st floor in rooms 20 - 29.<\/p>\n<h3>&nbsp;<\/h3>\n<h3>TV in rooms 1 - 19:<\/h3>\n<p>A selection of TV channels, including TV2 and DR1, can be accessed via the remote control.<\/p>\n<h3>&nbsp;<\/h3>\n<h3>TV in rooms 20 - 29:<\/h3>\n<p>There is internet access on the TV. Access to DR1 and the film channel \u201dpluto\u201d is available via Apps.<\/p>\n<p>They can also use \u201dcast\u201d. You select \u201dcast\u201d via remote control and your own mobile\/tablet. You then \u201dsend\u201d your own screenshot from your phone\/tablet to the TV screen (see instructions).<\/p>\n<h3>&nbsp;<\/h3>\n<h3>Wake up:<\/h3>\n<p>You can order wake-up on your TV. On the remote control, do the following:<\/p>\n<p>1.  Press the \u201dalarm\u201d button<\/p>\n<p>2. Enter the wake-up time<\/p>\n<p>3.  Switch off TV on the standby button (red)<\/p>\n<h3>&nbsp;<\/h3>\n<h3>Value cases:<\/h3>\n<p>The hotel is not responsible for money and valuables in your room. We hope you have a pleasant stay in Svendborg.<\/p>\n<p>Sincerely yours<\/p>\t\t\t\t\t\t\t\t<\/div>\n\t\t\t\t<\/div>\n\t\t\t\t<div class=\"elementor-element elementor-element-06dbad6 elementor-widget elementor-widget-image\" data-id=\"06dbad6\" data-element_type=\"widget\" data-e-type=\"widget\" data-widget_type=\"image.default\">\n\t\t\t\t<div class=\"elementor-widget-container\">\n\t\t\t\t\t\t\t\t\t\t\t\t\t\t\t<img decoding=\"async\" width=\"705\" height=\"180\" src=\"https:\/\/hotel-garni.dk\/wp-content\/uploads\/2023\/06\/Hotel_Garni_logo_sort.png\" class=\"attachment-large size-large wp-image-619\" alt=\"\" srcset=\"https:\/\/hotel-garni.dk\/wp-content\/uploads\/2023\/06\/Hotel_Garni_logo_sort.png 705w, https:\/\/hotel-garni.dk\/wp-content\/uploads\/2023\/06\/Hotel_Garni_logo_sort-300x77.png 300w\" sizes=\"(max-width: 705px) 100vw, 705px\" \/>\t\t\t\t\t\t\t\t\t\t\t\t\t\t\t<\/div>\n\t\t\t\t<\/div>\n\t\t\t\t\t<\/div>\n\t\t<\/div>\n\t\t\t\t\t<\/div>\n\t\t<\/section>\n\t\t\t\t<\/div>","protected":false},"excerpt":{"rendered":"<p>K\u00e6re G\u00e6st Velkommen til Hotel Garni Vi byder Dem hjerteligt velkommen p\u00e5 Hotel Garni! Hotel Garni er en del af Halberg Hotels og er ejet af samme ejer som Hotel Svendborg. Hotel Garni er ubemandet, men har man behov for hj\u00e6lp kan man altid kontakte receptionen p\u00e5 Hotel Svendborg som st\u00e5r til r\u00e5dighed 24 timer [&hellip;]<\/p>\n","protected":false},"author":2,"featured_media":475,"parent":0,"menu_order":0,"comment_status":"closed","ping_status":"closed","template":"","meta":{"footnotes":""},"class_list":["post-342","page","type-page","status-publish","has-post-thumbnail","hentry"],"yoast_head":"<!-- This site is optimized with the Yoast SEO plugin v27.5 - https:\/\/yoast.com\/product\/yoast-seo-wordpress\/ -->\n<title>Hotel Garni i Svendborg p\u00e5 Fyn. L\u00e6s mere information her<\/title>\n<meta name=\"description\" content=\"Vi har samlet alt den praktiske information i vores v\u00e6relsesmappe, s\u00e5 det er lettilg\u00e6ngeligt for dig. L\u00e6s v\u00e6relsesmappe her.\" \/>\n<meta name=\"robots\" content=\"index, follow, max-snippet:-1, max-image-preview:large, max-video-preview:-1\" \/>\n<link rel=\"canonical\" href=\"https:\/\/hotel-garni.dk\/en\/vaerelsesmappe\/\" \/>\n<meta property=\"og:locale\" content=\"en_GB\" \/>\n<meta property=\"og:type\" content=\"article\" \/>\n<meta property=\"og:title\" content=\"Hotel Garni i Svendborg p\u00e5 Fyn. L\u00e6s mere information her\" \/>\n<meta property=\"og:description\" content=\"Vi har samlet alt den praktiske information i vores v\u00e6relsesmappe, s\u00e5 det er lettilg\u00e6ngeligt for dig. L\u00e6s v\u00e6relsesmappe her.\" \/>\n<meta property=\"og:url\" content=\"https:\/\/hotel-garni.dk\/en\/vaerelsesmappe\/\" \/>\n<meta property=\"og:site_name\" content=\"Hotel Garni\" \/>\n<meta property=\"article:modified_time\" content=\"2024-03-06T08:27:01+00:00\" \/>\n<meta property=\"og:image\" content=\"https:\/\/hotel-garni.dk\/wp-content\/uploads\/2023\/05\/Facade.jpg\" \/>\n\t<meta property=\"og:image:width\" content=\"1728\" \/>\n\t<meta property=\"og:image:height\" content=\"1152\" \/>\n\t<meta property=\"og:image:type\" content=\"image\/jpeg\" \/>\n<meta name=\"twitter:card\" content=\"summary_large_image\" \/>\n<meta name=\"twitter:label1\" content=\"Estimated reading time\" \/>\n\t<meta name=\"twitter:data1\" content=\"4 minutes\" \/>\n<script type=\"application\/ld+json\" class=\"yoast-schema-graph\">{\"@context\":\"https:\\\/\\\/schema.org\",\"@graph\":[{\"@type\":\"WebPage\",\"@id\":\"https:\\\/\\\/hotel-garni.dk\\\/vaerelsesmappe\\\/\",\"url\":\"https:\\\/\\\/hotel-garni.dk\\\/vaerelsesmappe\\\/\",\"name\":\"Hotel Garni i Svendborg p\u00e5 Fyn. L\u00e6s mere information her\",\"isPartOf\":{\"@id\":\"https:\\\/\\\/hotel-garni.dk\\\/#website\"},\"primaryImageOfPage\":{\"@id\":\"https:\\\/\\\/hotel-garni.dk\\\/vaerelsesmappe\\\/#primaryimage\"},\"image\":{\"@id\":\"https:\\\/\\\/hotel-garni.dk\\\/vaerelsesmappe\\\/#primaryimage\"},\"thumbnailUrl\":\"https:\\\/\\\/hotel-garni.dk\\\/wp-content\\\/uploads\\\/2023\\\/05\\\/Facade.jpg\",\"datePublished\":\"2022-06-15T08:58:27+00:00\",\"dateModified\":\"2024-03-06T08:27:01+00:00\",\"description\":\"Vi har samlet alt den praktiske information i vores v\u00e6relsesmappe, s\u00e5 det er lettilg\u00e6ngeligt for dig. L\u00e6s v\u00e6relsesmappe her.\",\"breadcrumb\":{\"@id\":\"https:\\\/\\\/hotel-garni.dk\\\/vaerelsesmappe\\\/#breadcrumb\"},\"inLanguage\":\"en-GB\",\"potentialAction\":[{\"@type\":\"ReadAction\",\"target\":[\"https:\\\/\\\/hotel-garni.dk\\\/vaerelsesmappe\\\/\"]}]},{\"@type\":\"ImageObject\",\"inLanguage\":\"en-GB\",\"@id\":\"https:\\\/\\\/hotel-garni.dk\\\/vaerelsesmappe\\\/#primaryimage\",\"url\":\"https:\\\/\\\/hotel-garni.dk\\\/wp-content\\\/uploads\\\/2023\\\/05\\\/Facade.jpg\",\"contentUrl\":\"https:\\\/\\\/hotel-garni.dk\\\/wp-content\\\/uploads\\\/2023\\\/05\\\/Facade.jpg\",\"width\":1728,\"height\":1152,\"caption\":\"Hotel Garni facade\"},{\"@type\":\"BreadcrumbList\",\"@id\":\"https:\\\/\\\/hotel-garni.dk\\\/vaerelsesmappe\\\/#breadcrumb\",\"itemListElement\":[{\"@type\":\"ListItem\",\"position\":1,\"name\":\"Hjem\",\"item\":\"https:\\\/\\\/hotel-garni.dk\\\/\"},{\"@type\":\"ListItem\",\"position\":2,\"name\":\"V\u00e6relsesmappe\"}]},{\"@type\":\"WebSite\",\"@id\":\"https:\\\/\\\/hotel-garni.dk\\\/#website\",\"url\":\"https:\\\/\\\/hotel-garni.dk\\\/\",\"name\":\"Hotel Garni\",\"description\":\"\",\"publisher\":{\"@id\":\"https:\\\/\\\/hotel-garni.dk\\\/#organization\"},\"potentialAction\":[{\"@type\":\"SearchAction\",\"target\":{\"@type\":\"EntryPoint\",\"urlTemplate\":\"https:\\\/\\\/hotel-garni.dk\\\/?s={search_term_string}\"},\"query-input\":{\"@type\":\"PropertyValueSpecification\",\"valueRequired\":true,\"valueName\":\"search_term_string\"}}],\"inLanguage\":\"en-GB\"},{\"@type\":\"Organization\",\"@id\":\"https:\\\/\\\/hotel-garni.dk\\\/#organization\",\"name\":\"Template\",\"url\":\"https:\\\/\\\/hotel-garni.dk\\\/\",\"logo\":{\"@type\":\"ImageObject\",\"inLanguage\":\"en-GB\",\"@id\":\"https:\\\/\\\/hotel-garni.dk\\\/#\\\/schema\\\/logo\\\/image\\\/\",\"url\":\"https:\\\/\\\/hotel-garni.dk\\\/wp-content\\\/uploads\\\/2020\\\/11\\\/hotel-garni-logo.svg\",\"contentUrl\":\"https:\\\/\\\/hotel-garni.dk\\\/wp-content\\\/uploads\\\/2020\\\/11\\\/hotel-garni-logo.svg\",\"width\":450,\"height\":114,\"caption\":\"Template\"},\"image\":{\"@id\":\"https:\\\/\\\/hotel-garni.dk\\\/#\\\/schema\\\/logo\\\/image\\\/\"}}]}<\/script>\n<!-- \/ Yoast SEO plugin. -->","yoast_head_json":{"title":"Hotel Garni in Svendborg on Fyn. Read more information here","description":"We have gathered all the practical information in our room folder, so it is easily accessible for you. Read the room folder here.","robots":{"index":"index","follow":"follow","max-snippet":"max-snippet:-1","max-image-preview":"max-image-preview:large","max-video-preview":"max-video-preview:-1"},"canonical":"https:\/\/hotel-garni.dk\/en\/vaerelsesmappe\/","og_locale":"en_GB","og_type":"article","og_title":"Hotel Garni i Svendborg p\u00e5 Fyn. L\u00e6s mere information her","og_description":"Vi har samlet alt den praktiske information i vores v\u00e6relsesmappe, s\u00e5 det er lettilg\u00e6ngeligt for dig. L\u00e6s v\u00e6relsesmappe her.","og_url":"https:\/\/hotel-garni.dk\/en\/vaerelsesmappe\/","og_site_name":"Hotel Garni","article_modified_time":"2024-03-06T08:27:01+00:00","og_image":[{"width":1728,"height":1152,"url":"https:\/\/hotel-garni.dk\/wp-content\/uploads\/2023\/05\/Facade.jpg","type":"image\/jpeg"}],"twitter_card":"summary_large_image","twitter_misc":{"Estimated reading time":"4 minutes"},"schema":{"@context":"https:\/\/schema.org","@graph":[{"@type":"WebPage","@id":"https:\/\/hotel-garni.dk\/vaerelsesmappe\/","url":"https:\/\/hotel-garni.dk\/vaerelsesmappe\/","name":"Hotel Garni in Svendborg on Fyn. Read more information here","isPartOf":{"@id":"https:\/\/hotel-garni.dk\/#website"},"primaryImageOfPage":{"@id":"https:\/\/hotel-garni.dk\/vaerelsesmappe\/#primaryimage"},"image":{"@id":"https:\/\/hotel-garni.dk\/vaerelsesmappe\/#primaryimage"},"thumbnailUrl":"https:\/\/hotel-garni.dk\/wp-content\/uploads\/2023\/05\/Facade.jpg","datePublished":"2022-06-15T08:58:27+00:00","dateModified":"2024-03-06T08:27:01+00:00","description":"We have gathered all the practical information in our room folder, so it is easily accessible for you. Read the room folder here.","breadcrumb":{"@id":"https:\/\/hotel-garni.dk\/vaerelsesmappe\/#breadcrumb"},"inLanguage":"en-GB","potentialAction":[{"@type":"ReadAction","target":["https:\/\/hotel-garni.dk\/vaerelsesmappe\/"]}]},{"@type":"ImageObject","inLanguage":"en-GB","@id":"https:\/\/hotel-garni.dk\/vaerelsesmappe\/#primaryimage","url":"https:\/\/hotel-garni.dk\/wp-content\/uploads\/2023\/05\/Facade.jpg","contentUrl":"https:\/\/hotel-garni.dk\/wp-content\/uploads\/2023\/05\/Facade.jpg","width":1728,"height":1152,"caption":"Hotel Garni facade"},{"@type":"BreadcrumbList","@id":"https:\/\/hotel-garni.dk\/vaerelsesmappe\/#breadcrumb","itemListElement":[{"@type":"ListItem","position":1,"name":"Hjem","item":"https:\/\/hotel-garni.dk\/"},{"@type":"ListItem","position":2,"name":"V\u00e6relsesmappe"}]},{"@type":"WebSite","@id":"https:\/\/hotel-garni.dk\/#website","url":"https:\/\/hotel-garni.dk\/","name":"Hotel Garni","description":"","publisher":{"@id":"https:\/\/hotel-garni.dk\/#organization"},"potentialAction":[{"@type":"SearchAction","target":{"@type":"EntryPoint","urlTemplate":"https:\/\/hotel-garni.dk\/?s={search_term_string}"},"query-input":{"@type":"PropertyValueSpecification","valueRequired":true,"valueName":"search_term_string"}}],"inLanguage":"en-GB"},{"@type":"Organization","@id":"https:\/\/hotel-garni.dk\/#organization","name":"Template","url":"https:\/\/hotel-garni.dk\/","logo":{"@type":"ImageObject","inLanguage":"en-GB","@id":"https:\/\/hotel-garni.dk\/#\/schema\/logo\/image\/","url":"https:\/\/hotel-garni.dk\/wp-content\/uploads\/2020\/11\/hotel-garni-logo.svg","contentUrl":"https:\/\/hotel-garni.dk\/wp-content\/uploads\/2020\/11\/hotel-garni-logo.svg","width":450,"height":114,"caption":"Template"},"image":{"@id":"https:\/\/hotel-garni.dk\/#\/schema\/logo\/image\/"}}]}},"_links":{"self":[{"href":"https:\/\/hotel-garni.dk\/en\/wp-json\/wp\/v2\/pages\/342","targetHints":{"allow":["GET"]}}],"collection":[{"href":"https:\/\/hotel-garni.dk\/en\/wp-json\/wp\/v2\/pages"}],"about":[{"href":"https:\/\/hotel-garni.dk\/en\/wp-json\/wp\/v2\/types\/page"}],"author":[{"embeddable":true,"href":"https:\/\/hotel-garni.dk\/en\/wp-json\/wp\/v2\/users\/2"}],"replies":[{"embeddable":true,"href":"https:\/\/hotel-garni.dk\/en\/wp-json\/wp\/v2\/comments?post=342"}],"version-history":[{"count":45,"href":"https:\/\/hotel-garni.dk\/en\/wp-json\/wp\/v2\/pages\/342\/revisions"}],"predecessor-version":[{"id":777,"href":"https:\/\/hotel-garni.dk\/en\/wp-json\/wp\/v2\/pages\/342\/revisions\/777"}],"wp:featuredmedia":[{"embeddable":true,"href":"https:\/\/hotel-garni.dk\/en\/wp-json\/wp\/v2\/media\/475"}],"wp:attachment":[{"href":"https:\/\/hotel-garni.dk\/en\/wp-json\/wp\/v2\/media?parent=342"}],"curies":[{"name":"wp","href":"https:\/\/api.w.org\/{rel}","templated":true}]}}