{"id":469,"date":"2023-05-15T11:39:52","date_gmt":"2023-05-15T09:39:52","guid":{"rendered":"https:\/\/hotel-garni.dk\/?page_id=469"},"modified":"2023-06-08T09:03:39","modified_gmt":"2023-06-08T07:03:39","slug":"salgsbetingelser","status":"publish","type":"page","link":"https:\/\/hotel-garni.dk\/en\/salgsbetingelser\/","title":{"rendered":"Terms and conditions of sale"},"content":{"rendered":"<div data-elementor-type=\"wp-page\" data-elementor-id=\"469\" class=\"elementor elementor-469\" data-elementor-post-type=\"page\">\n\t\t\t\t\t\t<section class=\"elementor-section elementor-top-section elementor-element elementor-element-c6b8e9a elementor-section-boxed elementor-section-height-default elementor-section-height-default\" data-id=\"c6b8e9a\" data-element_type=\"section\" data-e-type=\"section\">\n\t\t\t\t\t\t<div class=\"elementor-container elementor-column-gap-default\">\n\t\t\t\t\t<div class=\"elementor-column elementor-col-100 elementor-top-column elementor-element elementor-element-3290390\" data-id=\"3290390\" data-element_type=\"column\" data-e-type=\"column\">\n\t\t\t<div class=\"elementor-widget-wrap elementor-element-populated\">\n\t\t\t\t\t\t<div class=\"elementor-element elementor-element-5e6fcf4 elementor-widget elementor-widget-text-editor\" data-id=\"5e6fcf4\" data-element_type=\"widget\" data-e-type=\"widget\" data-widget_type=\"text-editor.default\">\n\t\t\t\t<div class=\"elementor-widget-container\">\n\t\t\t\t\t\t\t\t\t<h1>Terms and conditions of sale:<\/h1><p>Hotel Garni reserves the right to pre-authorise your credit\/debit card before arrival.<\/p><p>When you make a reservation via our website: www.hotel-garni.dk we ask for a guarantee with your credit card or payment at the time of booking if you have chosen this payment method. First name and surname must match the guest's ID card and credit card, which must be presented upon request at check-in. Cancellation and payment terms can be seen on the current offer when booking. This is also stated in the confirmation sent by email after a booking has been made.<\/p><h3>\u00a0<\/h3><h3>Payment is made in DKK:<\/h3><p>All prices are total prices including VAT.<\/p><h3>\u00a0<\/h3><h3>Conditions for changing and cancelling a reservation:<\/h3><p>Reservations made on the hotel's own website can be changed or cancelled. Changes or cancellations are subject to possible price changes. The reservation cannot be transferred to another hotel. In case of cancellation, a cancellation confirmation will be sent to the email address provided. This confirmation is a guarantee that the room has been cancelled. For hotel stays\/accommodation booked via a third party or via online travel agencies, the party in question must be contacted directly.<\/p><h3>\u00a0<\/h3><h3>Reservations without the possibility of cancellation:<\/h3><p>If you have made a non-refundable booking, the reservation must be prepaid and is non-refundable. Changes can only be made by contacting the hotel directly either by email: <a href=\"mailto:booking@hotel-garni.dk\">booking@hotel-garni.dk<\/a> or tel: <a href=\"tel:+4562211700\">+456221 1700<\/a>. In case of changes, a fee of DKK 300 per reservation will be charged each time the date is changed. Please also note that changes in date, number of nights, number of people, etc. Can lead to a change in the price per night. Reservations are made for sold-out days and\/or room categories when changing the date or length of stay. Any price reduction in the stay due to a change is non-refundable. Reservations can max. Reservations can be changed up to 12 months from the originally booked date.<\/p><h3>\u00a0<\/h3><h3>Reservations with the option to cancel:<\/h3><p>All reservations that include accommodation with or without breakfast can be changed and\/or cancelled without additional fees or costs until 12:00 noon on the day of arrival. Changes or cancellations after 12:00 noon on the day of arrival will result in the first night of the stay being charged.<\/p><p>Changes to reservations made on the hotel's own website must be made by contacting the hotel directly either by email: <a href=\"mailto:booking@hotel-garni.dk\">booking@hotel-garni.dk<\/a> or tel: <a href=\"http:\/\/+4562211700\" data-wplink-url-error=\"true\">+4562211700<\/a>.<\/p><p>Please note that changes in date, number of nights, number of people, etc. May lead to a change in the price per night. Reservations are made for sold-out days and\/or room categories when changing reservations.<\/p><p>In case of no-show, the credit card number provided will be charged according to the cancellation terms of the booking in question.<\/p><h3>\u00a0<\/h3><h3>Check in and check out<\/h3><p>The room is available from 15:00 on the day of arrival until 11:00 on the day of departure. If the departure time is not met, the hotel reserves the right to charge you the room rate for an extra night according to the applicable list rates.<\/p><p>If you do not check in on the arrival date, your right to use the room for the remaining nights you have booked will be cancelled. If you wish to use your reservation after the original arrival date, it is your responsibility to contact the hotel no later than the originally scheduled check-in date. This must be done in writing via email and applies to all reservation types.<\/p><h3>\u00a0<\/h3><h3>Groups<\/h3><p>The prices on the website apply to individual reservations up to a maximum of 9 rooms in total. If 10 or more rooms are booked for the same period, the hotel will consider it as a group, which will result in a change of prices and general conditions including cancellation and payment terms. The hotel will send a group contract for signature to confirm the bookings.<\/p><h3>\u00a0<\/h3><h3>Guests under the age of 18<\/h3><p>Guests under the age of 18 must always be accompanied by an adult when staying at the hotel.<\/p><h3>\u00a0<\/h3><h3>Card fees<\/h3><p>Please note that credit card fees may apply when paying with certain credit cards.<\/p><p>Complaint options<\/p><p>Always contact the hotel reception who will help clarify any misunderstandings at <a href=\"mailto:booking@hotel-garni.dk\">booking@hotel-garni.dk<\/a> or on tel: <a href=\"http:\/\/+4562211700\" data-wplink-url-error=\"true\">+456221 1700.<\/a><\/p><p>\u00a0<\/p>\t\t\t\t\t\t\t\t<\/div>\n\t\t\t\t<\/div>\n\t\t\t\t\t<\/div>\n\t\t<\/div>\n\t\t\t\t\t<\/div>\n\t\t<\/section>\n\t\t\t\t<\/div>","protected":false},"excerpt":{"rendered":"<p>Salgsbetingelser: Hotel Garni forbeholder sig retten til at forh\u00e5ndsgodkende dit kreditkort\/debitkort inden ankomst. N\u00e5r du laver en reservation via vores hjemmeside: www.hotel-garni.dk beder vi om en garanti med dit kreditkort eller betaling ved bookingtidspunktet s\u00e5fremt du har valgt denne betalingsform. Fornavn og efternavn skal stemmeoverens med g\u00e6stens ID-kort og kreditkort, som skal forevises p\u00e5 forlangende [&hellip;]<\/p>\n","protected":false},"author":2,"featured_media":475,"parent":0,"menu_order":0,"comment_status":"closed","ping_status":"closed","template":"","meta":{"footnotes":""},"class_list":["post-469","page","type-page","status-publish","has-post-thumbnail","hentry"],"yoast_head":"<!-- This site is optimized with the Yoast SEO plugin v27.5 - https:\/\/yoast.com\/product\/yoast-seo-wordpress\/ -->\n<title>Hotel Garni | Privatlivspolitik | L\u00e6s mere her<\/title>\n<meta name=\"description\" content=\"Med denne politik \u00f8nsker vi at informere dig om, hvilke oplysninger der indsamles og behandles, og hvor l\u00e6nge de opbevares. L\u00e6s mere her.\" \/>\n<meta name=\"robots\" content=\"index, follow, max-snippet:-1, max-image-preview:large, max-video-preview:-1\" \/>\n<link rel=\"canonical\" href=\"https:\/\/hotel-garni.dk\/en\/salgsbetingelser\/\" \/>\n<meta property=\"og:locale\" content=\"en_GB\" \/>\n<meta property=\"og:type\" content=\"article\" \/>\n<meta property=\"og:title\" content=\"Hotel Garni | Privatlivspolitik | L\u00e6s mere her\" \/>\n<meta property=\"og:description\" content=\"Med denne politik \u00f8nsker vi at informere dig om, hvilke oplysninger der indsamles og behandles, og hvor l\u00e6nge de opbevares. L\u00e6s mere her.\" \/>\n<meta property=\"og:url\" content=\"https:\/\/hotel-garni.dk\/en\/salgsbetingelser\/\" \/>\n<meta property=\"og:site_name\" content=\"Hotel Garni\" \/>\n<meta property=\"article:modified_time\" content=\"2023-06-08T07:03:39+00:00\" \/>\n<meta property=\"og:image\" content=\"https:\/\/hotel-garni.dk\/wp-content\/uploads\/2023\/05\/Facade.jpg\" \/>\n\t<meta property=\"og:image:width\" content=\"1728\" \/>\n\t<meta property=\"og:image:height\" content=\"1152\" \/>\n\t<meta property=\"og:image:type\" content=\"image\/jpeg\" \/>\n<meta name=\"twitter:card\" content=\"summary_large_image\" \/>\n<meta name=\"twitter:label1\" content=\"Estimated reading time\" \/>\n\t<meta name=\"twitter:data1\" content=\"4 minutes\" \/>\n<script type=\"application\/ld+json\" class=\"yoast-schema-graph\">{\"@context\":\"https:\\\/\\\/schema.org\",\"@graph\":[{\"@type\":\"WebPage\",\"@id\":\"https:\\\/\\\/hotel-garni.dk\\\/salgsbetingelser\\\/\",\"url\":\"https:\\\/\\\/hotel-garni.dk\\\/salgsbetingelser\\\/\",\"name\":\"Hotel Garni | Privatlivspolitik | L\u00e6s mere her\",\"isPartOf\":{\"@id\":\"https:\\\/\\\/hotel-garni.dk\\\/#website\"},\"primaryImageOfPage\":{\"@id\":\"https:\\\/\\\/hotel-garni.dk\\\/salgsbetingelser\\\/#primaryimage\"},\"image\":{\"@id\":\"https:\\\/\\\/hotel-garni.dk\\\/salgsbetingelser\\\/#primaryimage\"},\"thumbnailUrl\":\"https:\\\/\\\/hotel-garni.dk\\\/wp-content\\\/uploads\\\/2023\\\/05\\\/Facade.jpg\",\"datePublished\":\"2023-05-15T09:39:52+00:00\",\"dateModified\":\"2023-06-08T07:03:39+00:00\",\"description\":\"Med denne politik \u00f8nsker vi at informere dig om, hvilke oplysninger der indsamles og behandles, og hvor l\u00e6nge de opbevares. L\u00e6s mere her.\",\"breadcrumb\":{\"@id\":\"https:\\\/\\\/hotel-garni.dk\\\/salgsbetingelser\\\/#breadcrumb\"},\"inLanguage\":\"en-GB\",\"potentialAction\":[{\"@type\":\"ReadAction\",\"target\":[\"https:\\\/\\\/hotel-garni.dk\\\/salgsbetingelser\\\/\"]}]},{\"@type\":\"ImageObject\",\"inLanguage\":\"en-GB\",\"@id\":\"https:\\\/\\\/hotel-garni.dk\\\/salgsbetingelser\\\/#primaryimage\",\"url\":\"https:\\\/\\\/hotel-garni.dk\\\/wp-content\\\/uploads\\\/2023\\\/05\\\/Facade.jpg\",\"contentUrl\":\"https:\\\/\\\/hotel-garni.dk\\\/wp-content\\\/uploads\\\/2023\\\/05\\\/Facade.jpg\",\"width\":1728,\"height\":1152,\"caption\":\"Hotel Garni facade\"},{\"@type\":\"BreadcrumbList\",\"@id\":\"https:\\\/\\\/hotel-garni.dk\\\/salgsbetingelser\\\/#breadcrumb\",\"itemListElement\":[{\"@type\":\"ListItem\",\"position\":1,\"name\":\"Hjem\",\"item\":\"https:\\\/\\\/hotel-garni.dk\\\/\"},{\"@type\":\"ListItem\",\"position\":2,\"name\":\"Salgsbetingelser\"}]},{\"@type\":\"WebSite\",\"@id\":\"https:\\\/\\\/hotel-garni.dk\\\/#website\",\"url\":\"https:\\\/\\\/hotel-garni.dk\\\/\",\"name\":\"Hotel Garni\",\"description\":\"\",\"publisher\":{\"@id\":\"https:\\\/\\\/hotel-garni.dk\\\/#organization\"},\"potentialAction\":[{\"@type\":\"SearchAction\",\"target\":{\"@type\":\"EntryPoint\",\"urlTemplate\":\"https:\\\/\\\/hotel-garni.dk\\\/?s={search_term_string}\"},\"query-input\":{\"@type\":\"PropertyValueSpecification\",\"valueRequired\":true,\"valueName\":\"search_term_string\"}}],\"inLanguage\":\"en-GB\"},{\"@type\":\"Organization\",\"@id\":\"https:\\\/\\\/hotel-garni.dk\\\/#organization\",\"name\":\"Template\",\"url\":\"https:\\\/\\\/hotel-garni.dk\\\/\",\"logo\":{\"@type\":\"ImageObject\",\"inLanguage\":\"en-GB\",\"@id\":\"https:\\\/\\\/hotel-garni.dk\\\/#\\\/schema\\\/logo\\\/image\\\/\",\"url\":\"https:\\\/\\\/hotel-garni.dk\\\/wp-content\\\/uploads\\\/2020\\\/11\\\/hotel-garni-logo.svg\",\"contentUrl\":\"https:\\\/\\\/hotel-garni.dk\\\/wp-content\\\/uploads\\\/2020\\\/11\\\/hotel-garni-logo.svg\",\"width\":450,\"height\":114,\"caption\":\"Template\"},\"image\":{\"@id\":\"https:\\\/\\\/hotel-garni.dk\\\/#\\\/schema\\\/logo\\\/image\\\/\"}}]}<\/script>\n<!-- \/ Yoast SEO plugin. -->","yoast_head_json":{"title":"Hotel Garni | Privacy Policy | Read more here","description":"With this policy, we wish to inform you about what information is collected and processed, and how long it is stored. Read more here.","robots":{"index":"index","follow":"follow","max-snippet":"max-snippet:-1","max-image-preview":"max-image-preview:large","max-video-preview":"max-video-preview:-1"},"canonical":"https:\/\/hotel-garni.dk\/en\/salgsbetingelser\/","og_locale":"en_GB","og_type":"article","og_title":"Hotel Garni | Privatlivspolitik | L\u00e6s mere her","og_description":"Med denne politik \u00f8nsker vi at informere dig om, hvilke oplysninger der indsamles og behandles, og hvor l\u00e6nge de opbevares. L\u00e6s mere her.","og_url":"https:\/\/hotel-garni.dk\/en\/salgsbetingelser\/","og_site_name":"Hotel Garni","article_modified_time":"2023-06-08T07:03:39+00:00","og_image":[{"width":1728,"height":1152,"url":"https:\/\/hotel-garni.dk\/wp-content\/uploads\/2023\/05\/Facade.jpg","type":"image\/jpeg"}],"twitter_card":"summary_large_image","twitter_misc":{"Estimated reading time":"4 minutes"},"schema":{"@context":"https:\/\/schema.org","@graph":[{"@type":"WebPage","@id":"https:\/\/hotel-garni.dk\/salgsbetingelser\/","url":"https:\/\/hotel-garni.dk\/salgsbetingelser\/","name":"Hotel Garni | Privacy Policy | Read more here","isPartOf":{"@id":"https:\/\/hotel-garni.dk\/#website"},"primaryImageOfPage":{"@id":"https:\/\/hotel-garni.dk\/salgsbetingelser\/#primaryimage"},"image":{"@id":"https:\/\/hotel-garni.dk\/salgsbetingelser\/#primaryimage"},"thumbnailUrl":"https:\/\/hotel-garni.dk\/wp-content\/uploads\/2023\/05\/Facade.jpg","datePublished":"2023-05-15T09:39:52+00:00","dateModified":"2023-06-08T07:03:39+00:00","description":"With this policy, we wish to inform you about what information is collected and processed, and how long it is stored. Read more here.","breadcrumb":{"@id":"https:\/\/hotel-garni.dk\/salgsbetingelser\/#breadcrumb"},"inLanguage":"en-GB","potentialAction":[{"@type":"ReadAction","target":["https:\/\/hotel-garni.dk\/salgsbetingelser\/"]}]},{"@type":"ImageObject","inLanguage":"en-GB","@id":"https:\/\/hotel-garni.dk\/salgsbetingelser\/#primaryimage","url":"https:\/\/hotel-garni.dk\/wp-content\/uploads\/2023\/05\/Facade.jpg","contentUrl":"https:\/\/hotel-garni.dk\/wp-content\/uploads\/2023\/05\/Facade.jpg","width":1728,"height":1152,"caption":"Hotel Garni facade"},{"@type":"BreadcrumbList","@id":"https:\/\/hotel-garni.dk\/salgsbetingelser\/#breadcrumb","itemListElement":[{"@type":"ListItem","position":1,"name":"Hjem","item":"https:\/\/hotel-garni.dk\/"},{"@type":"ListItem","position":2,"name":"Salgsbetingelser"}]},{"@type":"WebSite","@id":"https:\/\/hotel-garni.dk\/#website","url":"https:\/\/hotel-garni.dk\/","name":"Hotel Garni","description":"","publisher":{"@id":"https:\/\/hotel-garni.dk\/#organization"},"potentialAction":[{"@type":"SearchAction","target":{"@type":"EntryPoint","urlTemplate":"https:\/\/hotel-garni.dk\/?s={search_term_string}"},"query-input":{"@type":"PropertyValueSpecification","valueRequired":true,"valueName":"search_term_string"}}],"inLanguage":"en-GB"},{"@type":"Organization","@id":"https:\/\/hotel-garni.dk\/#organization","name":"Template","url":"https:\/\/hotel-garni.dk\/","logo":{"@type":"ImageObject","inLanguage":"en-GB","@id":"https:\/\/hotel-garni.dk\/#\/schema\/logo\/image\/","url":"https:\/\/hotel-garni.dk\/wp-content\/uploads\/2020\/11\/hotel-garni-logo.svg","contentUrl":"https:\/\/hotel-garni.dk\/wp-content\/uploads\/2020\/11\/hotel-garni-logo.svg","width":450,"height":114,"caption":"Template"},"image":{"@id":"https:\/\/hotel-garni.dk\/#\/schema\/logo\/image\/"}}]}},"_links":{"self":[{"href":"https:\/\/hotel-garni.dk\/en\/wp-json\/wp\/v2\/pages\/469","targetHints":{"allow":["GET"]}}],"collection":[{"href":"https:\/\/hotel-garni.dk\/en\/wp-json\/wp\/v2\/pages"}],"about":[{"href":"https:\/\/hotel-garni.dk\/en\/wp-json\/wp\/v2\/types\/page"}],"author":[{"embeddable":true,"href":"https:\/\/hotel-garni.dk\/en\/wp-json\/wp\/v2\/users\/2"}],"replies":[{"embeddable":true,"href":"https:\/\/hotel-garni.dk\/en\/wp-json\/wp\/v2\/comments?post=469"}],"version-history":[{"count":8,"href":"https:\/\/hotel-garni.dk\/en\/wp-json\/wp\/v2\/pages\/469\/revisions"}],"predecessor-version":[{"id":604,"href":"https:\/\/hotel-garni.dk\/en\/wp-json\/wp\/v2\/pages\/469\/revisions\/604"}],"wp:featuredmedia":[{"embeddable":true,"href":"https:\/\/hotel-garni.dk\/en\/wp-json\/wp\/v2\/media\/475"}],"wp:attachment":[{"href":"https:\/\/hotel-garni.dk\/en\/wp-json\/wp\/v2\/media?parent=469"}],"curies":[{"name":"wp","href":"https:\/\/api.w.org\/{rel}","templated":true}]}}