{"id":888,"date":"2025-02-21T14:18:06","date_gmt":"2025-02-21T13:18:06","guid":{"rendered":"https:\/\/hotel-garni.dk\/?page_id=888"},"modified":"2025-03-04T10:46:37","modified_gmt":"2025-03-04T09:46:37","slug":"gavekort","status":"publish","type":"page","link":"https:\/\/hotel-garni.dk\/en\/gavekort\/","title":{"rendered":"Gift vouchers"},"content":{"rendered":"\t\t<div data-elementor-type=\"wp-page\" data-elementor-id=\"888\" class=\"elementor elementor-888\" data-elementor-post-type=\"page\">\n\t\t\t\t\t\t<article class=\"elementor-section elementor-top-section elementor-element elementor-element-837318d elementor-section-boxed elementor-section-height-default elementor-section-height-default\" data-id=\"837318d\" data-element_type=\"section\" data-e-type=\"section\">\n\t\t\t\t\t\t<div class=\"elementor-container elementor-column-gap-default\">\n\t\t\t\t\t<div class=\"elementor-column elementor-col-100 elementor-top-column elementor-element elementor-element-f75e424\" data-id=\"f75e424\" data-element_type=\"column\" data-e-type=\"column\">\n\t\t\t<div class=\"elementor-widget-wrap elementor-element-populated\">\n\t\t\t\t\t\t<div class=\"elementor-element elementor-element-4e84907 elementor-widget elementor-widget-spacer\" data-id=\"4e84907\" data-element_type=\"widget\" data-e-type=\"widget\" data-widget_type=\"spacer.default\">\n\t\t\t\t<div class=\"elementor-widget-container\">\n\t\t\t\t\t\t\t<div class=\"elementor-spacer\">\n\t\t\t<div class=\"elementor-spacer-inner\"><\/div>\n\t\t<\/div>\n\t\t\t\t\t\t<\/div>\n\t\t\t\t<\/div>\n\t\t\t\t<div class=\"elementor-element elementor-element-fe47566 elementor-widget elementor-widget-heading\" data-id=\"fe47566\" data-element_type=\"widget\" data-e-type=\"widget\" data-widget_type=\"heading.default\">\n\t\t\t\t<div class=\"elementor-widget-container\">\n\t\t\t\t\t<h2 class=\"elementor-heading-title elementor-size-default\">Gavekort til en overnatning p\u00e5 Hotel Garni<\/h2>\t\t\t\t<\/div>\n\t\t\t\t<\/div>\n\t\t\t\t<div class=\"elementor-element elementor-element-f6256b1 elementor-hidden-tablet elementor-hidden-phone elementor-widget elementor-widget-spacer\" data-id=\"f6256b1\" data-element_type=\"widget\" data-e-type=\"widget\" data-widget_type=\"spacer.default\">\n\t\t\t\t<div class=\"elementor-widget-container\">\n\t\t\t\t\t\t\t<div class=\"elementor-spacer\">\n\t\t\t<div class=\"elementor-spacer-inner\"><\/div>\n\t\t<\/div>\n\t\t\t\t\t\t<\/div>\n\t\t\t\t<\/div>\n\t\t\t\t<section class=\"elementor-section elementor-inner-section elementor-element elementor-element-37a2e87 elementor-section-boxed elementor-section-height-default elementor-section-height-default\" data-id=\"37a2e87\" data-element_type=\"section\" data-e-type=\"section\">\n\t\t\t\t\t\t<div class=\"elementor-container elementor-column-gap-default\">\n\t\t\t\t\t<div class=\"elementor-column elementor-col-50 elementor-inner-column elementor-element elementor-element-330ae3e\" data-id=\"330ae3e\" data-element_type=\"column\" data-e-type=\"column\">\n\t\t\t<div class=\"elementor-widget-wrap elementor-element-populated\">\n\t\t\t\t\t\t<div class=\"elementor-element elementor-element-3477f46 elementor-widget elementor-widget-text-editor\" data-id=\"3477f46\" data-element_type=\"widget\" data-e-type=\"widget\" data-widget_type=\"text-editor.default\">\n\t\t\t\t<div class=\"elementor-widget-container\">\n\t\t\t\t\t\t\t\t\t<p>Fork\u00e6l din partner eller en af dine n\u00e6rmeste med en gave, der er helt personlig \u2013 en oplevelse de helt sikkert vil se frem til. Giv et gavekort til et ophold p\u00e5 Hotel Garni.<\/p>\t\t\t\t\t\t\t\t<\/div>\n\t\t\t\t<\/div>\n\t\t\t\t<div class=\"elementor-element elementor-element-48791a9 elementor-widget elementor-widget-heading\" data-id=\"48791a9\" data-element_type=\"widget\" data-e-type=\"widget\" data-widget_type=\"heading.default\">\n\t\t\t\t<div class=\"elementor-widget-container\">\n\t\t\t\t\t<h2 class=\"elementor-heading-title elementor-size-default\">Gavekort<\/h2>\t\t\t\t<\/div>\n\t\t\t\t<\/div>\n\t\t\t\t<div class=\"elementor-element elementor-element-7dd83a0 elementor-button-align-start elementor-widget elementor-widget-form\" data-id=\"7dd83a0\" data-element_type=\"widget\" data-e-type=\"widget\" data-settings=\"{&quot;step_next_label&quot;:&quot;N\\u00e6ste&quot;,&quot;step_previous_label&quot;:&quot;Tidligere&quot;,&quot;button_width&quot;:&quot;100&quot;,&quot;step_type&quot;:&quot;number_text&quot;,&quot;step_icon_shape&quot;:&quot;circle&quot;}\" data-widget_type=\"form.default\">\n\t\t\t\t<div class=\"elementor-widget-container\">\n\t\t\t\t\t\t\t<form class=\"elementor-form\" method=\"post\" name=\"Gavekort\" aria-label=\"Gavekort\">\n\t\t\t<input type=\"hidden\" name=\"post_id\" value=\"888\"\/>\n\t\t\t<input type=\"hidden\" name=\"form_id\" value=\"7dd83a0\"\/>\n\t\t\t<input type=\"hidden\" name=\"referer_title\" value=\"Hotelv\u00e6relse og dobbeltv\u00e6relse p\u00e5 Fyn | Hotel Garni | Se mere her\" \/>\n\n\t\t\t\t\t\t\t<input type=\"hidden\" name=\"queried_id\" value=\"888\"\/>\n\t\t\t\n\t\t\t<div class=\"elementor-form-fields-wrapper elementor-labels-\">\n\t\t\t\t\t\t\t\t<div class=\"elementor-field-type-text elementor-field-group elementor-column elementor-field-group-name elementor-col-100\">\n\t\t\t\t\t\t\t\t\t\t\t\t<label for=\"form-field-name\" class=\"elementor-field-label elementor-screen-only\">\n\t\t\t\t\t\t\t\tNavn\t\t\t\t\t\t\t<\/label>\n\t\t\t\t\t\t\t\t\t\t\t\t\t\t<input size=\"1\" type=\"text\" name=\"form_fields[name]\" id=\"form-field-name\" class=\"elementor-field elementor-size-sm  elementor-field-textual\" placeholder=\"Navn\">\n\t\t\t\t\t\t\t\t\t\t\t<\/div>\n\t\t\t\t\t\t\t\t<div class=\"elementor-field-type-tel elementor-field-group elementor-column elementor-field-group-phone elementor-col-100\">\n\t\t\t\t\t\t\t\t\t\t\t\t<label for=\"form-field-phone\" class=\"elementor-field-label elementor-screen-only\">\n\t\t\t\t\t\t\t\tTelefonnummer\t\t\t\t\t\t\t<\/label>\n\t\t\t\t\t\t\t\t<input size=\"1\" type=\"tel\" name=\"form_fields[phone]\" id=\"form-field-phone\" class=\"elementor-field elementor-size-sm  elementor-field-textual\" placeholder=\"Telefonnummer\" pattern=\"[0-9()#&amp;+*-=.]+\" title=\"Nur Nummern oder Telefon-Zeichen (#, -, *, etc) werden akzeptiert.\">\n\n\t\t\t\t\t\t<\/div>\n\t\t\t\t\t\t\t\t<div class=\"elementor-field-type-email elementor-field-group elementor-column elementor-field-group-email elementor-col-100 elementor-field-required\">\n\t\t\t\t\t\t\t\t\t\t\t\t<label for=\"form-field-email\" class=\"elementor-field-label elementor-screen-only\">\n\t\t\t\t\t\t\t\tE-mail\t\t\t\t\t\t\t<\/label>\n\t\t\t\t\t\t\t\t\t\t\t\t\t\t<input size=\"1\" type=\"email\" name=\"form_fields[email]\" id=\"form-field-email\" class=\"elementor-field elementor-size-sm  elementor-field-textual\" placeholder=\"E-mail\" required=\"required\">\n\t\t\t\t\t\t\t\t\t\t\t<\/div>\n\t\t\t\t\t\t\t\t<div class=\"elementor-field-type-email elementor-field-group elementor-column elementor-field-group-confmail elementor-col-100\">\n\t\t\t\t\t\t\t\t\t\t\t\t<label for=\"form-field-confmail\" class=\"elementor-field-label elementor-screen-only\">\n\t\t\t\t\t\t\t\tBekr\u00e6ft E-mail\t\t\t\t\t\t\t<\/label>\n\t\t\t\t\t\t\t\t\t\t\t\t\t\t<input size=\"1\" type=\"email\" name=\"form_fields[confmail]\" id=\"form-field-confmail\" class=\"elementor-field elementor-size-sm  elementor-field-textual\" placeholder=\"Bekr\u00e6ft E-mail\">\n\t\t\t\t\t\t\t\t\t\t\t<\/div>\n\t\t\t\t\t\t\t\t<div class=\"elementor-field-type-text elementor-field-group elementor-column elementor-field-group-amount elementor-col-100\">\n\t\t\t\t\t\t\t\t\t\t\t\t<label for=\"form-field-amount\" class=\"elementor-field-label elementor-screen-only\">\n\t\t\t\t\t\t\t\tBel\u00f8b kr.\t\t\t\t\t\t\t<\/label>\n\t\t\t\t\t\t\t\t\t\t\t\t\t\t<input size=\"1\" type=\"text\" name=\"form_fields[amount]\" id=\"form-field-amount\" class=\"elementor-field elementor-size-sm  elementor-field-textual\" placeholder=\"Bel\u00f8b kr.\">\n\t\t\t\t\t\t\t\t\t\t\t<\/div>\n\t\t\t\t\t\t\t\t<div class=\"elementor-field-type-textarea elementor-field-group elementor-column elementor-field-group-field_a33dd7d elementor-col-100\">\n\t\t\t\t\t\t\t\t\t\t\t\t<label for=\"form-field-field_a33dd7d\" class=\"elementor-field-label elementor-screen-only\">\n\t\t\t\t\t\t\t\tEvt. besked\t\t\t\t\t\t\t<\/label>\n\t\t\t\t\t\t<textarea class=\"elementor-field-textual elementor-field  elementor-size-sm\" name=\"form_fields[field_a33dd7d]\" id=\"form-field-field_a33dd7d\" rows=\"2\" placeholder=\"Evt besked\"><\/textarea>\t\t\t\t<\/div>\n\t\t\t\t\t\t\t\t<div class=\"elementor-field-type-recaptcha_v3 elementor-field-group elementor-column elementor-field-group-field_6a700b4 elementor-col-100 recaptcha_v3-bottomright\">\n\t\t\t\t\t<div class=\"elementor-field\" id=\"form-field-field_6a700b4\"><div class=\"elementor-g-recaptcha\" data-sitekey=\"6LdNt3wmAAAAAKRA8bSC_ITuOU1rT48cdzhv5RAr\" data-type=\"v3\" data-action=\"Form\" data-badge=\"bottomright\" data-size=\"invisible\"><\/div><\/div>\t\t\t\t<\/div>\n\t\t\t\t\t\t\t\t<div class=\"elementor-field-group elementor-column elementor-field-type-submit elementor-col-100 e-form__buttons\">\n\t\t\t\t\t<button class=\"elementor-button elementor-size-sm\" type=\"submit\">\n\t\t\t\t\t\t<span class=\"elementor-button-content-wrapper\">\n\t\t\t\t\t\t\t\t\t\t\t\t\t\t\t\t\t\t\t\t\t\t<span class=\"elementor-button-text\">Bestil gavekort<\/span>\n\t\t\t\t\t\t\t\t\t\t\t\t\t<\/span>\n\t\t\t\t\t<\/button>\n\t\t\t\t<\/div>\n\t\t\t<\/div>\n\t\t<\/form>\n\t\t\t\t\t\t<\/div>\n\t\t\t\t<\/div>\n\t\t\t\t\t<\/div>\n\t\t<\/div>\n\t\t\t\t<div class=\"elementor-column elementor-col-50 elementor-inner-column elementor-element elementor-element-c3fc814\" data-id=\"c3fc814\" data-element_type=\"column\" data-e-type=\"column\">\n\t\t\t<div class=\"elementor-widget-wrap elementor-element-populated\">\n\t\t\t\t\t\t<div class=\"elementor-element elementor-element-aa0add7 elementor-widget elementor-widget-image\" data-id=\"aa0add7\" data-element_type=\"widget\" data-e-type=\"widget\" data-widget_type=\"image.default\">\n\t\t\t\t<div class=\"elementor-widget-container\">\n\t\t\t\t\t\t\t\t\t\t\t\t\t\t\t<img fetchpriority=\"high\" decoding=\"async\" width=\"800\" height=\"534\" src=\"https:\/\/hotel-garni.dk\/wp-content\/uploads\/2023\/05\/V\u2018relse-2-2-low-1024x683.jpg\" class=\"attachment-large size-large wp-image-530\" alt=\"Dobbeltv\u00e6relse\" srcset=\"https:\/\/hotel-garni.dk\/wp-content\/uploads\/2023\/05\/V\u2018relse-2-2-low-1024x683.jpg 1024w, https:\/\/hotel-garni.dk\/wp-content\/uploads\/2023\/05\/V\u2018relse-2-2-low-300x200.jpg 300w, https:\/\/hotel-garni.dk\/wp-content\/uploads\/2023\/05\/V\u2018relse-2-2-low-768x512.jpg 768w, https:\/\/hotel-garni.dk\/wp-content\/uploads\/2023\/05\/V\u2018relse-2-2-low-1536x1024.jpg 1536w, https:\/\/hotel-garni.dk\/wp-content\/uploads\/2023\/05\/V\u2018relse-2-2-low.jpg 1728w\" sizes=\"(max-width: 800px) 100vw, 800px\" \/>\t\t\t\t\t\t\t\t\t\t\t\t\t\t\t<\/div>\n\t\t\t\t<\/div>\n\t\t\t\t\t<\/div>\n\t\t<\/div>\n\t\t\t\t\t<\/div>\n\t\t<\/section>\n\t\t\t\t\t<\/div>\n\t\t<\/div>\n\t\t\t\t\t<\/div>\n\t\t<\/article>\n\t\t\t\t<section class=\"elementor-section elementor-top-section elementor-element elementor-element-91ef94d elementor-reverse-tablet elementor-reverse-mobile elementor-section-boxed elementor-section-height-default elementor-section-height-default\" data-id=\"91ef94d\" data-element_type=\"section\" data-e-type=\"section\">\n\t\t\t\t\t\t<div class=\"elementor-container elementor-column-gap-no\">\n\t\t\t\t\t<div class=\"elementor-column elementor-col-50 elementor-top-column elementor-element elementor-element-1b8ec2e\" data-id=\"1b8ec2e\" data-element_type=\"column\" data-e-type=\"column\">\n\t\t\t<div class=\"elementor-widget-wrap elementor-element-populated\">\n\t\t\t\t\t\t<div class=\"elementor-element elementor-element-d5bcb1f elementor-widget elementor-widget-image\" data-id=\"d5bcb1f\" data-element_type=\"widget\" data-e-type=\"widget\" data-widget_type=\"image.default\">\n\t\t\t\t<div class=\"elementor-widget-container\">\n\t\t\t\t\t\t\t\t\t\t\t\t\t\t\t<img fetchpriority=\"high\" decoding=\"async\" width=\"800\" height=\"534\" src=\"https:\/\/hotel-garni.dk\/wp-content\/uploads\/2023\/05\/V\u2018relse-2-2-low-1024x683.jpg\" class=\"attachment-large size-large wp-image-530\" alt=\"Dobbeltv\u00e6relse\" srcset=\"https:\/\/hotel-garni.dk\/wp-content\/uploads\/2023\/05\/V\u2018relse-2-2-low-1024x683.jpg 1024w, https:\/\/hotel-garni.dk\/wp-content\/uploads\/2023\/05\/V\u2018relse-2-2-low-300x200.jpg 300w, https:\/\/hotel-garni.dk\/wp-content\/uploads\/2023\/05\/V\u2018relse-2-2-low-768x512.jpg 768w, https:\/\/hotel-garni.dk\/wp-content\/uploads\/2023\/05\/V\u2018relse-2-2-low-1536x1024.jpg 1536w, https:\/\/hotel-garni.dk\/wp-content\/uploads\/2023\/05\/V\u2018relse-2-2-low.jpg 1728w\" sizes=\"(max-width: 800px) 100vw, 800px\" \/>\t\t\t\t\t\t\t\t\t\t\t\t\t\t\t<\/div>\n\t\t\t\t<\/div>\n\t\t\t\t\t<\/div>\n\t\t<\/div>\n\t\t\t\t<div class=\"elementor-column elementor-col-50 elementor-top-column elementor-element elementor-element-f7c0d2c\" data-id=\"f7c0d2c\" data-element_type=\"column\" data-e-type=\"column\">\n\t\t\t<div class=\"elementor-widget-wrap elementor-element-populated\">\n\t\t\t\t\t\t<div class=\"elementor-element elementor-element-d3d7772 elementor-widget elementor-widget-heading\" data-id=\"d3d7772\" data-element_type=\"widget\" data-e-type=\"widget\" data-widget_type=\"heading.default\">\n\t\t\t\t<div class=\"elementor-widget-container\">\n\t\t\t\t\t<h2 class=\"elementor-heading-title elementor-size-default\">Vejledning og priser<\/h2>\t\t\t\t<\/div>\n\t\t\t\t<\/div>\n\t\t\t\t<div class=\"elementor-element elementor-element-acccf5f elementor-widget elementor-widget-text-editor\" data-id=\"acccf5f\" data-element_type=\"widget\" data-e-type=\"widget\" data-widget_type=\"text-editor.default\">\n\t\t\t\t<div class=\"elementor-widget-container\">\n\t\t\t\t\t\t\t\t\t<div><p style=\"font-weight: 400;\">S\u00e5dan bestiller du et online gavekort:<\/p><ol style=\"font-weight: 400;\"><li>Udfyld felterne og v\u00e6lg det \u00f8nskede bel\u00f8b.<\/li><li>Klik p\u00e5 &#8220;Bestil gavekort&#8221;.<\/li><li>Hotellet sender et betalingslink til din email indenfor 24 timer. (Husk, betalingen skal ske indenfor 24 timer fra det tidspunkt man modtager betalingslinket, ellers annulleres bestillingen).<\/li><li>N\u00e5r betalingen er modtaget, sendes gavekortet til din email.<\/li><\/ol><\/div>\t\t\t\t\t\t\t\t<\/div>\n\t\t\t\t<\/div>\n\t\t\t\t\t<\/div>\n\t\t<\/div>\n\t\t\t\t\t<\/div>\n\t\t<\/section>\n\t\t\t\t<\/div>\n\t\t","protected":false},"excerpt":{"rendered":"<p>Gavekort til en overnatning p\u00e5 Hotel Garni Fork\u00e6l din partner eller en af dine n\u00e6rmeste med en gave, der er helt personlig \u2013 en oplevelse de helt sikkert vil se frem til. Giv et gavekort til et ophold p\u00e5 Hotel Garni. Gavekort Vejledning og priser S\u00e5dan bestiller du et online gavekort: Udfyld felterne og v\u00e6lg [&hellip;]<\/p>\n","protected":false},"author":6,"featured_media":490,"parent":0,"menu_order":0,"comment_status":"closed","ping_status":"closed","template":"","meta":{"footnotes":""},"class_list":["post-888","page","type-page","status-publish","has-post-thumbnail","hentry"],"yoast_head":"<!-- This site is optimized with the Yoast SEO plugin v27.5 - https:\/\/yoast.com\/product\/yoast-seo-wordpress\/ -->\n<title>Hotelv\u00e6relse og dobbeltv\u00e6relse p\u00e5 Fyn | Hotel Garni | Se mere her<\/title>\n<meta name=\"description\" content=\"Kom til Svendborg p\u00e5 Fyn og oplev et l\u00e6kkert og attraktivt hotel med dobbeltv\u00e6relse eller enkelt v\u00e6relse. Se priser og v\u00e6relser her.\" \/>\n<meta name=\"robots\" content=\"index, follow, max-snippet:-1, max-image-preview:large, max-video-preview:-1\" \/>\n<link rel=\"canonical\" href=\"https:\/\/hotel-garni.dk\/en\/gavekort\/\" \/>\n<meta property=\"og:locale\" content=\"en_GB\" \/>\n<meta property=\"og:type\" content=\"article\" \/>\n<meta property=\"og:title\" content=\"Hotelv\u00e6relse og dobbeltv\u00e6relse p\u00e5 Fyn | Hotel Garni | Se mere her\" \/>\n<meta property=\"og:description\" content=\"Kom til Svendborg p\u00e5 Fyn og oplev et l\u00e6kkert og attraktivt hotel med dobbeltv\u00e6relse eller enkelt v\u00e6relse. Se priser og v\u00e6relser her.\" \/>\n<meta property=\"og:url\" content=\"https:\/\/hotel-garni.dk\/en\/gavekort\/\" \/>\n<meta property=\"og:site_name\" content=\"Hotel Garni\" \/>\n<meta property=\"article:modified_time\" content=\"2025-03-04T09:46:37+00:00\" \/>\n<meta property=\"og:image\" content=\"https:\/\/hotel-garni.dk\/wp-content\/uploads\/2023\/05\/V\u2018relse-1.jpg\" \/>\n\t<meta property=\"og:image:width\" content=\"1901\" \/>\n\t<meta property=\"og:image:height\" content=\"1267\" \/>\n\t<meta property=\"og:image:type\" content=\"image\/jpeg\" \/>\n<meta name=\"twitter:card\" content=\"summary_large_image\" \/>\n<meta name=\"twitter:label1\" content=\"Estimated reading time\" \/>\n\t<meta name=\"twitter:data1\" content=\"1 minute\" \/>\n<script type=\"application\/ld+json\" class=\"yoast-schema-graph\">{\"@context\":\"https:\\\/\\\/schema.org\",\"@graph\":[{\"@type\":\"WebPage\",\"@id\":\"https:\\\/\\\/hotel-garni.dk\\\/gavekort\\\/\",\"url\":\"https:\\\/\\\/hotel-garni.dk\\\/gavekort\\\/\",\"name\":\"Hotelv\u00e6relse og dobbeltv\u00e6relse p\u00e5 Fyn | Hotel Garni | Se mere her\",\"isPartOf\":{\"@id\":\"https:\\\/\\\/hotel-garni.dk\\\/#website\"},\"primaryImageOfPage\":{\"@id\":\"https:\\\/\\\/hotel-garni.dk\\\/gavekort\\\/#primaryimage\"},\"image\":{\"@id\":\"https:\\\/\\\/hotel-garni.dk\\\/gavekort\\\/#primaryimage\"},\"thumbnailUrl\":\"https:\\\/\\\/hotel-garni.dk\\\/wp-content\\\/uploads\\\/2023\\\/05\\\/V\u2018relse-1.jpg\",\"datePublished\":\"2025-02-21T13:18:06+00:00\",\"dateModified\":\"2025-03-04T09:46:37+00:00\",\"description\":\"Kom til Svendborg p\u00e5 Fyn og oplev et l\u00e6kkert og attraktivt hotel med dobbeltv\u00e6relse eller enkelt v\u00e6relse. Se priser og v\u00e6relser her.\",\"breadcrumb\":{\"@id\":\"https:\\\/\\\/hotel-garni.dk\\\/gavekort\\\/#breadcrumb\"},\"inLanguage\":\"en-GB\",\"potentialAction\":[{\"@type\":\"ReadAction\",\"target\":[\"https:\\\/\\\/hotel-garni.dk\\\/gavekort\\\/\"]}]},{\"@type\":\"ImageObject\",\"inLanguage\":\"en-GB\",\"@id\":\"https:\\\/\\\/hotel-garni.dk\\\/gavekort\\\/#primaryimage\",\"url\":\"https:\\\/\\\/hotel-garni.dk\\\/wp-content\\\/uploads\\\/2023\\\/05\\\/V\u2018relse-1.jpg\",\"contentUrl\":\"https:\\\/\\\/hotel-garni.dk\\\/wp-content\\\/uploads\\\/2023\\\/05\\\/V\u2018relse-1.jpg\",\"width\":1901,\"height\":1267,\"caption\":\"Dobbeltv\u00e6relse\"},{\"@type\":\"BreadcrumbList\",\"@id\":\"https:\\\/\\\/hotel-garni.dk\\\/gavekort\\\/#breadcrumb\",\"itemListElement\":[{\"@type\":\"ListItem\",\"position\":1,\"name\":\"Hjem\",\"item\":\"https:\\\/\\\/hotel-garni.dk\\\/\"},{\"@type\":\"ListItem\",\"position\":2,\"name\":\"Gavekort\"}]},{\"@type\":\"WebSite\",\"@id\":\"https:\\\/\\\/hotel-garni.dk\\\/#website\",\"url\":\"https:\\\/\\\/hotel-garni.dk\\\/\",\"name\":\"Hotel Garni\",\"description\":\"\",\"publisher\":{\"@id\":\"https:\\\/\\\/hotel-garni.dk\\\/#organization\"},\"potentialAction\":[{\"@type\":\"SearchAction\",\"target\":{\"@type\":\"EntryPoint\",\"urlTemplate\":\"https:\\\/\\\/hotel-garni.dk\\\/?s={search_term_string}\"},\"query-input\":{\"@type\":\"PropertyValueSpecification\",\"valueRequired\":true,\"valueName\":\"search_term_string\"}}],\"inLanguage\":\"en-GB\"},{\"@type\":\"Organization\",\"@id\":\"https:\\\/\\\/hotel-garni.dk\\\/#organization\",\"name\":\"Template\",\"url\":\"https:\\\/\\\/hotel-garni.dk\\\/\",\"logo\":{\"@type\":\"ImageObject\",\"inLanguage\":\"en-GB\",\"@id\":\"https:\\\/\\\/hotel-garni.dk\\\/#\\\/schema\\\/logo\\\/image\\\/\",\"url\":\"https:\\\/\\\/hotel-garni.dk\\\/wp-content\\\/uploads\\\/2020\\\/11\\\/hotel-garni-logo.svg\",\"contentUrl\":\"https:\\\/\\\/hotel-garni.dk\\\/wp-content\\\/uploads\\\/2020\\\/11\\\/hotel-garni-logo.svg\",\"width\":450,\"height\":114,\"caption\":\"Template\"},\"image\":{\"@id\":\"https:\\\/\\\/hotel-garni.dk\\\/#\\\/schema\\\/logo\\\/image\\\/\"}}]}<\/script>\n<!-- \/ Yoast SEO plugin. -->","yoast_head_json":{"title":"Hotel Room and Double Room in Funen | Hotel Garni | See more here","description":"Come to Svendborg on Funen and experience a lovely and attractive hotel with a double room or single room. View prices and rooms here.","robots":{"index":"index","follow":"follow","max-snippet":"max-snippet:-1","max-image-preview":"max-image-preview:large","max-video-preview":"max-video-preview:-1"},"canonical":"https:\/\/hotel-garni.dk\/en\/gavekort\/","og_locale":"en_GB","og_type":"article","og_title":"Hotelv\u00e6relse og dobbeltv\u00e6relse p\u00e5 Fyn | Hotel Garni | Se mere her","og_description":"Kom til Svendborg p\u00e5 Fyn og oplev et l\u00e6kkert og attraktivt hotel med dobbeltv\u00e6relse eller enkelt v\u00e6relse. Se priser og v\u00e6relser her.","og_url":"https:\/\/hotel-garni.dk\/en\/gavekort\/","og_site_name":"Hotel Garni","article_modified_time":"2025-03-04T09:46:37+00:00","og_image":[{"width":1901,"height":1267,"url":"https:\/\/hotel-garni.dk\/wp-content\/uploads\/2023\/05\/V\u2018relse-1.jpg","type":"image\/jpeg"}],"twitter_card":"summary_large_image","twitter_misc":{"Estimated reading time":"1 minute"},"schema":{"@context":"https:\/\/schema.org","@graph":[{"@type":"WebPage","@id":"https:\/\/hotel-garni.dk\/gavekort\/","url":"https:\/\/hotel-garni.dk\/gavekort\/","name":"Hotel Room and Double Room in Funen | Hotel Garni | See more here","isPartOf":{"@id":"https:\/\/hotel-garni.dk\/#website"},"primaryImageOfPage":{"@id":"https:\/\/hotel-garni.dk\/gavekort\/#primaryimage"},"image":{"@id":"https:\/\/hotel-garni.dk\/gavekort\/#primaryimage"},"thumbnailUrl":"https:\/\/hotel-garni.dk\/wp-content\/uploads\/2023\/05\/V\u2018relse-1.jpg","datePublished":"2025-02-21T13:18:06+00:00","dateModified":"2025-03-04T09:46:37+00:00","description":"Come to Svendborg on Funen and experience a lovely and attractive hotel with a double room or single room. View prices and rooms here.","breadcrumb":{"@id":"https:\/\/hotel-garni.dk\/gavekort\/#breadcrumb"},"inLanguage":"en-GB","potentialAction":[{"@type":"ReadAction","target":["https:\/\/hotel-garni.dk\/gavekort\/"]}]},{"@type":"ImageObject","inLanguage":"en-GB","@id":"https:\/\/hotel-garni.dk\/gavekort\/#primaryimage","url":"https:\/\/hotel-garni.dk\/wp-content\/uploads\/2023\/05\/V\u2018relse-1.jpg","contentUrl":"https:\/\/hotel-garni.dk\/wp-content\/uploads\/2023\/05\/V\u2018relse-1.jpg","width":1901,"height":1267,"caption":"Dobbeltv\u00e6relse"},{"@type":"BreadcrumbList","@id":"https:\/\/hotel-garni.dk\/gavekort\/#breadcrumb","itemListElement":[{"@type":"ListItem","position":1,"name":"Hjem","item":"https:\/\/hotel-garni.dk\/"},{"@type":"ListItem","position":2,"name":"Gavekort"}]},{"@type":"WebSite","@id":"https:\/\/hotel-garni.dk\/#website","url":"https:\/\/hotel-garni.dk\/","name":"Hotel Garni","description":"","publisher":{"@id":"https:\/\/hotel-garni.dk\/#organization"},"potentialAction":[{"@type":"SearchAction","target":{"@type":"EntryPoint","urlTemplate":"https:\/\/hotel-garni.dk\/?s={search_term_string}"},"query-input":{"@type":"PropertyValueSpecification","valueRequired":true,"valueName":"search_term_string"}}],"inLanguage":"en-GB"},{"@type":"Organization","@id":"https:\/\/hotel-garni.dk\/#organization","name":"Template","url":"https:\/\/hotel-garni.dk\/","logo":{"@type":"ImageObject","inLanguage":"en-GB","@id":"https:\/\/hotel-garni.dk\/#\/schema\/logo\/image\/","url":"https:\/\/hotel-garni.dk\/wp-content\/uploads\/2020\/11\/hotel-garni-logo.svg","contentUrl":"https:\/\/hotel-garni.dk\/wp-content\/uploads\/2020\/11\/hotel-garni-logo.svg","width":450,"height":114,"caption":"Template"},"image":{"@id":"https:\/\/hotel-garni.dk\/#\/schema\/logo\/image\/"}}]}},"_links":{"self":[{"href":"https:\/\/hotel-garni.dk\/en\/wp-json\/wp\/v2\/pages\/888","targetHints":{"allow":["GET"]}}],"collection":[{"href":"https:\/\/hotel-garni.dk\/en\/wp-json\/wp\/v2\/pages"}],"about":[{"href":"https:\/\/hotel-garni.dk\/en\/wp-json\/wp\/v2\/types\/page"}],"author":[{"embeddable":true,"href":"https:\/\/hotel-garni.dk\/en\/wp-json\/wp\/v2\/users\/6"}],"replies":[{"embeddable":true,"href":"https:\/\/hotel-garni.dk\/en\/wp-json\/wp\/v2\/comments?post=888"}],"version-history":[{"count":40,"href":"https:\/\/hotel-garni.dk\/en\/wp-json\/wp\/v2\/pages\/888\/revisions"}],"predecessor-version":[{"id":940,"href":"https:\/\/hotel-garni.dk\/en\/wp-json\/wp\/v2\/pages\/888\/revisions\/940"}],"wp:featuredmedia":[{"embeddable":true,"href":"https:\/\/hotel-garni.dk\/en\/wp-json\/wp\/v2\/media\/490"}],"wp:attachment":[{"href":"https:\/\/hotel-garni.dk\/en\/wp-json\/wp\/v2\/media?parent=888"}],"curies":[{"name":"wp","href":"https:\/\/api.w.org\/{rel}","templated":true}]}}